{"id":3427,"date":"2026-01-27T23:59:40","date_gmt":"2026-01-27T23:59:40","guid":{"rendered":"https:\/\/inokron.si\/?page_id=3427"},"modified":"2026-03-31T22:04:34","modified_gmt":"2026-03-31T22:04:34","slug":"narocilo-ogleda","status":"publish","type":"page","link":"https:\/\/inokron.si\/it\/narocilo-ogleda\/","title":{"rendered":"Ogled kmetije"},"content":{"rendered":"\t\t<div data-elementor-type=\"wp-page\" data-elementor-id=\"3427\" class=\"elementor elementor-3427\" data-elementor-post-type=\"page\">\n\t\t\t\t<div class=\"elementor-element elementor-element-ab34672 e-flex e-con-boxed e-con e-parent\" data-id=\"ab34672\" data-element_type=\"container\" data-e-type=\"container\">\n\t\t\t\t\t<div class=\"e-con-inner\">\n\t\t<div class=\"elementor-element elementor-element-97e4a89 e-con-full e-flex e-con e-child\" data-id=\"97e4a89\" data-element_type=\"container\" data-e-type=\"container\">\n\t\t<div class=\"elementor-element elementor-element-48b2d2a e-con-full e-flex e-con e-child\" data-id=\"48b2d2a\" data-element_type=\"container\" data-e-type=\"container\" data-settings=\"{&quot;background_background&quot;:&quot;classic&quot;}\">\n\t\t\t\t<div class=\"elementor-element elementor-element-f7c01d1 elementor-widget elementor-widget-spacer\" data-id=\"f7c01d1\" data-element_type=\"widget\" data-e-type=\"widget\" data-widget_type=\"spacer.default\">\n\t\t\t\t\t\t\t<div class=\"elementor-spacer\">\n\t\t\t<div class=\"elementor-spacer-inner\"><\/div>\n\t\t<\/div>\n\t\t\t\t\t\t<\/div>\n\t\t\t\t<\/div>\n\t\t\t\t<\/div>\n\t\t\t\t\t<\/div>\n\t\t\t\t<\/div>\n\t\t<div class=\"elementor-element elementor-element-43f0727 e-flex e-con-boxed e-con e-parent\" data-id=\"43f0727\" data-element_type=\"container\" data-e-type=\"container\">\n\t\t\t\t\t<div class=\"e-con-inner\">\n\t\t<div class=\"elementor-element elementor-element-b0c83e3 e-con-full e-flex e-con e-child\" data-id=\"b0c83e3\" data-element_type=\"container\" data-e-type=\"container\">\n\t\t\t\t<div class=\"elementor-element elementor-element-cfa1b93 elementor-widget elementor-widget-heading\" data-id=\"cfa1b93\" data-element_type=\"widget\" data-e-type=\"widget\" data-widget_type=\"heading.default\">\n\t\t\t\t\t<h2 class=\"elementor-heading-title elementor-size-default\">Naro\u010dite ogled kmetije s strokovnim svetovanjem<\/h2>\t\t\t\t<\/div>\n\t\t\t\t<div class=\"elementor-element elementor-element-e340287 elementor-widget elementor-widget-text-editor\" data-id=\"e340287\" data-element_type=\"widget\" data-e-type=\"widget\" data-widget_type=\"text-editor.default\">\n\t\t\t\t\t\t\t\t\t<p>Povabite nas na svojo kmetijo \u2014 z veseljem se oglasimo na ogledu in skupaj preverimo mo\u017enosti za izbolj\u0161ave pri krmljenju.<\/p><p>Na podlagi va\u0161ih potreb in razmer na kmetiji vam svetujemo glede avtomatizacije krmljenja ter predlagamo re\u0161itev, prilagojeno prav vam.<\/p><p>Obisk je brezpla\u010den in neobvezujo\u010d. Enostavno izpolnite spodnji obrazec in predlagajte termin, ki vam ustreza, mi pa vas kontaktiramo za potrditev in uskladitev podrobnosti.<\/p>\t\t\t\t\t\t\t\t<\/div>\n\t\t<div class=\"elementor-element elementor-element-f4d6239 e-con-full e-flex e-con e-child\" data-id=\"f4d6239\" data-element_type=\"container\" data-e-type=\"container\" data-settings=\"{&quot;background_background&quot;:&quot;classic&quot;}\">\n\t\t\t\t<div class=\"elementor-element elementor-element-d223a91 elementor-button-align-stretch elementor-widget elementor-widget-form\" data-id=\"d223a91\" data-element_type=\"widget\" data-e-type=\"widget\" data-settings=\"{&quot;step_next_label&quot;:&quot;Next&quot;,&quot;step_previous_label&quot;:&quot;Previous&quot;,&quot;button_width&quot;:&quot;100&quot;,&quot;step_type&quot;:&quot;number_text&quot;,&quot;step_icon_shape&quot;:&quot;circle&quot;}\" data-widget_type=\"form.default\">\n\t\t\t\t\t\t\t<form class=\"elementor-form\" method=\"post\" name=\"New Form\" aria-label=\"New Form\">\n\t\t\t<input type=\"hidden\" name=\"post_id\" value=\"3427\"\/>\n\t\t\t<input type=\"hidden\" name=\"form_id\" value=\"d223a91\"\/>\n\t\t\t<input type=\"hidden\" name=\"referer_title\" value=\"Ogled kmetije - Inokron\" \/>\n\n\t\t\t\t\t\t\t<input type=\"hidden\" name=\"queried_id\" value=\"3427\"\/>\n\t\t\t\n\t\t\t<div class=\"elementor-form-fields-wrapper elementor-labels-above\">\n\t\t\t\t\t\t\t\t<div class=\"elementor-field-type-email elementor-field-group elementor-column elementor-field-group-field_6b916d3 elementor-col-100 elementor-field-required elementor-mark-required\">\n\t\t\t\t\t\t\t\t\t\t\t\t<label for=\"form-field-field_6b916d3\" class=\"elementor-field-label\">\n\t\t\t\t\t\t\t\tVa\u0161 E-mail naslov\t\t\t\t\t\t\t<\/label>\n\t\t\t\t\t\t\t\t\t\t\t\t\t\t<input size=\"1\" type=\"email\" name=\"form_fields[field_6b916d3]\" id=\"form-field-field_6b916d3\" class=\"elementor-field elementor-size-xs  elementor-field-textual\" required=\"required\">\n\t\t\t\t\t\t\t\t\t\t\t<\/div>\n\t\t\t\t\t\t\t\t<div class=\"elementor-field-type-text elementor-field-group elementor-column elementor-field-group-field_2b17ab5 elementor-col-100 elementor-field-required elementor-mark-required\">\n\t\t\t\t\t\t\t\t\t\t\t\t<label for=\"form-field-field_2b17ab5\" class=\"elementor-field-label\">\n\t\t\t\t\t\t\t\tTelefonska \u0161tevilka\t\t\t\t\t\t\t<\/label>\n\t\t\t\t\t\t\t\t\t\t\t\t\t\t<input size=\"1\" type=\"text\" name=\"form_fields[field_2b17ab5]\" id=\"form-field-field_2b17ab5\" class=\"elementor-field elementor-size-xs  elementor-field-textual\" required=\"required\">\n\t\t\t\t\t\t\t\t\t\t\t<\/div>\n\t\t\t\t\t\t\t\t<div class=\"elementor-field-type-date elementor-field-group elementor-column elementor-field-group-field_1a66e07 elementor-col-100 elementor-field-required elementor-mark-required\">\n\t\t\t\t\t\t\t\t\t\t\t\t<label for=\"form-field-field_1a66e07\" class=\"elementor-field-label\">\n\t\t\t\t\t\t\t\tIzberite ustrezen termin\t\t\t\t\t\t\t<\/label>\n\t\t\t\t\t\t\n\t\t<input type=\"date\" name=\"form_fields[field_1a66e07]\" id=\"form-field-field_1a66e07\" class=\"elementor-field elementor-size-xs  elementor-field-textual elementor-date-field\" required=\"required\" pattern=\"[0-9]{4}-[0-9]{2}-[0-9]{2}\">\n\t\t\t\t\t\t<\/div>\n\t\t\t\t\t\t\t\t<div class=\"elementor-field-group elementor-column elementor-field-type-submit elementor-col-100 e-form__buttons\">\n\t\t\t\t\t<button class=\"elementor-button elementor-size-sm elementor-animation-sink\" type=\"submit\">\n\t\t\t\t\t\t<span class=\"elementor-button-content-wrapper\">\n\t\t\t\t\t\t\t\t\t\t\t\t\t\t\t\t\t\t\t\t\t\t<span class=\"elementor-button-text\">NARO\u010cITE OGLED<\/span>\n\t\t\t\t\t\t\t\t\t\t\t\t\t<\/span>\n\t\t\t\t\t<\/button>\n\t\t\t\t<\/div>\n\t\t\t<\/div>\n\t\t<\/form>\n\t\t\t\t\t\t<\/div>\n\t\t\t\t<\/div>\n\t\t\t\t<\/div>\n\t\t\t\t\t<\/div>\n\t\t\t\t<\/div>\n\t\t\t\t<\/div>\n\t\t","protected":false},"excerpt":{"rendered":"<p>Naro\u010dite ogled kmetije s strokovnim svetovanjem Povabite nas na svojo kmetijo \u2014 z veseljem se oglasimo na ogledu in skupaj preverimo mo\u017enosti za izbolj\u0161ave pri krmljenju. Na podlagi va\u0161ih potreb in razmer na kmetiji vam svetujemo glede avtomatizacije krmljenja ter predlagamo re\u0161itev, prilagojeno prav vam. Obisk je brezpla\u010den in neobvezujo\u010d. Enostavno izpolnite spodnji obrazec in [&hellip;]<\/p>\n","protected":false},"author":1,"featured_media":0,"parent":0,"menu_order":0,"comment_status":"closed","ping_status":"closed","template":"elementor_header_footer","meta":{"iawp_total_views":77,"footnotes":""},"class_list":["post-3427","page","type-page","status-publish","hentry"],"yoast_head":"<!-- This site is optimized with the Yoast SEO plugin v27.4 - https:\/\/yoast.com\/product\/yoast-seo-wordpress\/ -->\n<title>Ogled kmetije - Inokron<\/title>\n<meta name=\"description\" content=\"Povabite nas na svojo kmetijo \u2014 z veseljem se oglasimo na ogledu in skupaj preverimo mo\u017enosti za izbolj\u0161ave pri krmljenju.\" \/>\n<meta name=\"robots\" content=\"index, follow, max-snippet:-1, max-image-preview:large, max-video-preview:-1\" \/>\n<link rel=\"canonical\" href=\"https:\/\/inokron.si\/it\/narocilo-ogleda\/\" \/>\n<meta property=\"og:locale\" content=\"it_IT\" \/>\n<meta property=\"og:type\" content=\"article\" \/>\n<meta property=\"og:title\" content=\"Ogled kmetije - Inokron\" \/>\n<meta property=\"og:description\" content=\"Povabite nas na svojo kmetijo \u2014 z veseljem se oglasimo na ogledu in skupaj preverimo mo\u017enosti za izbolj\u0161ave pri krmljenju.\" \/>\n<meta property=\"og:url\" content=\"https:\/\/inokron.si\/it\/narocilo-ogleda\/\" \/>\n<meta property=\"og:site_name\" content=\"Inokron\" \/>\n<meta property=\"article:modified_time\" content=\"2026-03-31T22:04:34+00:00\" \/>\n<meta name=\"twitter:card\" content=\"summary_large_image\" \/>\n<meta name=\"twitter:label1\" content=\"Tempo di lettura stimato\" \/>\n\t<meta name=\"twitter:data1\" content=\"1 minuto\" \/>\n<script type=\"application\/ld+json\" class=\"yoast-schema-graph\">{\"@context\":\"https:\\\/\\\/schema.org\",\"@graph\":[{\"@type\":\"WebPage\",\"@id\":\"https:\\\/\\\/inokron.si\\\/narocilo-ogleda\\\/\",\"url\":\"https:\\\/\\\/inokron.si\\\/narocilo-ogleda\\\/\",\"name\":\"Ogled kmetije - Inokron\",\"isPartOf\":{\"@id\":\"https:\\\/\\\/inokron.si\\\/#website\"},\"datePublished\":\"2026-01-27T23:59:40+00:00\",\"dateModified\":\"2026-03-31T22:04:34+00:00\",\"description\":\"Povabite nas na svojo kmetijo \u2014 z veseljem se oglasimo na ogledu in skupaj preverimo mo\u017enosti za izbolj\u0161ave pri krmljenju.\",\"breadcrumb\":{\"@id\":\"https:\\\/\\\/inokron.si\\\/narocilo-ogleda\\\/#breadcrumb\"},\"inLanguage\":\"it-IT\",\"potentialAction\":[{\"@type\":\"ReadAction\",\"target\":[\"https:\\\/\\\/inokron.si\\\/narocilo-ogleda\\\/\"]}]},{\"@type\":\"BreadcrumbList\",\"@id\":\"https:\\\/\\\/inokron.si\\\/narocilo-ogleda\\\/#breadcrumb\",\"itemListElement\":[{\"@type\":\"ListItem\",\"position\":1,\"name\":\"Home\",\"item\":\"https:\\\/\\\/inokron.si\\\/\"},{\"@type\":\"ListItem\",\"position\":2,\"name\":\"Ogled kmetije\"}]},{\"@type\":\"WebSite\",\"@id\":\"https:\\\/\\\/inokron.si\\\/#website\",\"url\":\"https:\\\/\\\/inokron.si\\\/\",\"name\":\"Inokron\",\"description\":\"Avtomatizacija krmljenja\",\"potentialAction\":[{\"@type\":\"SearchAction\",\"target\":{\"@type\":\"EntryPoint\",\"urlTemplate\":\"https:\\\/\\\/inokron.si\\\/?s={search_term_string}\"},\"query-input\":{\"@type\":\"PropertyValueSpecification\",\"valueRequired\":true,\"valueName\":\"search_term_string\"}}],\"inLanguage\":\"it-IT\"}]}<\/script>\n<!-- \/ Yoast SEO plugin. -->","yoast_head_json":{"title":"Ogled kmetije - Inokron","description":"Invitateci nella vostra azienda agricola: saremo lieti di venire a trovarvi e di esaminare i modi per migliorare la vostra alimentazione.","robots":{"index":"index","follow":"follow","max-snippet":"max-snippet:-1","max-image-preview":"max-image-preview:large","max-video-preview":"max-video-preview:-1"},"canonical":"https:\/\/inokron.si\/it\/narocilo-ogleda\/","og_locale":"it_IT","og_type":"article","og_title":"Ogled kmetije - Inokron","og_description":"Povabite nas na svojo kmetijo \u2014 z veseljem se oglasimo na ogledu in skupaj preverimo mo\u017enosti za izbolj\u0161ave pri krmljenju.","og_url":"https:\/\/inokron.si\/it\/narocilo-ogleda\/","og_site_name":"Inokron","article_modified_time":"2026-03-31T22:04:34+00:00","twitter_card":"summary_large_image","twitter_misc":{"Tempo di lettura stimato":"1 minuto"},"schema":{"@context":"https:\/\/schema.org","@graph":[{"@type":"WebPage","@id":"https:\/\/inokron.si\/narocilo-ogleda\/","url":"https:\/\/inokron.si\/narocilo-ogleda\/","name":"Ogled kmetije - Inokron","isPartOf":{"@id":"https:\/\/inokron.si\/#website"},"datePublished":"2026-01-27T23:59:40+00:00","dateModified":"2026-03-31T22:04:34+00:00","description":"Invitateci nella vostra azienda agricola: saremo lieti di venire a trovarvi e di esaminare i modi per migliorare la vostra alimentazione.","breadcrumb":{"@id":"https:\/\/inokron.si\/narocilo-ogleda\/#breadcrumb"},"inLanguage":"it-IT","potentialAction":[{"@type":"ReadAction","target":["https:\/\/inokron.si\/narocilo-ogleda\/"]}]},{"@type":"BreadcrumbList","@id":"https:\/\/inokron.si\/narocilo-ogleda\/#breadcrumb","itemListElement":[{"@type":"ListItem","position":1,"name":"Home","item":"https:\/\/inokron.si\/"},{"@type":"ListItem","position":2,"name":"Ogled kmetije"}]},{"@type":"WebSite","@id":"https:\/\/inokron.si\/#website","url":"https:\/\/inokron.si\/","name":"Inokron","description":"Avtomatizacija krmljenja","potentialAction":[{"@type":"SearchAction","target":{"@type":"EntryPoint","urlTemplate":"https:\/\/inokron.si\/?s={search_term_string}"},"query-input":{"@type":"PropertyValueSpecification","valueRequired":true,"valueName":"search_term_string"}}],"inLanguage":"it-IT"}]}},"_links":{"self":[{"href":"https:\/\/inokron.si\/it\/wp-json\/wp\/v2\/pages\/3427","targetHints":{"allow":["GET"]}}],"collection":[{"href":"https:\/\/inokron.si\/it\/wp-json\/wp\/v2\/pages"}],"about":[{"href":"https:\/\/inokron.si\/it\/wp-json\/wp\/v2\/types\/page"}],"author":[{"embeddable":true,"href":"https:\/\/inokron.si\/it\/wp-json\/wp\/v2\/users\/1"}],"replies":[{"embeddable":true,"href":"https:\/\/inokron.si\/it\/wp-json\/wp\/v2\/comments?post=3427"}],"version-history":[{"count":7,"href":"https:\/\/inokron.si\/it\/wp-json\/wp\/v2\/pages\/3427\/revisions"}],"predecessor-version":[{"id":3438,"href":"https:\/\/inokron.si\/it\/wp-json\/wp\/v2\/pages\/3427\/revisions\/3438"}],"wp:attachment":[{"href":"https:\/\/inokron.si\/it\/wp-json\/wp\/v2\/media?parent=3427"}],"curies":[{"name":"wp","href":"https:\/\/api.w.org\/{rel}","templated":true}]}}