{"id":3,"date":"2025-12-15T21:04:46","date_gmt":"2025-12-15T21:04:46","guid":{"rendered":"https:\/\/inokron.si\/?page_id=3"},"modified":"2026-01-21T22:58:38","modified_gmt":"2026-01-21T22:58:38","slug":"privacy-policy","status":"publish","type":"page","link":"https:\/\/inokron.si\/it\/privacy-policy\/","title":{"rendered":"Privacy Policy"},"content":{"rendered":"<div data-elementor-type=\"wp-page\" data-elementor-id=\"3\" class=\"elementor elementor-3\" data-elementor-post-type=\"page\">\n\t\t\t\t<div class=\"elementor-element elementor-element-f408d5c e-flex e-con-boxed e-con e-parent\" data-id=\"f408d5c\" data-element_type=\"container\" data-e-type=\"container\">\n\t\t\t\t\t<div class=\"e-con-inner\">\n\t\t<div class=\"elementor-element elementor-element-0f4ad8e e-con-full e-flex e-con e-child\" data-id=\"0f4ad8e\" data-element_type=\"container\" data-e-type=\"container\">\n\t\t<div class=\"elementor-element elementor-element-eda4962 e-con-full e-flex e-con e-child\" data-id=\"eda4962\" data-element_type=\"container\" data-e-type=\"container\" data-settings=\"{&quot;background_background&quot;:&quot;classic&quot;}\">\n\t\t\t\t<div class=\"elementor-element elementor-element-eb68100 elementor-widget elementor-widget-heading\" data-id=\"eb68100\" data-element_type=\"widget\" data-e-type=\"widget\" data-widget_type=\"heading.default\">\n\t\t\t\t\t<h1 class=\"elementor-heading-title elementor-size-default\">Informativa sulla privacy<\/h1>\t\t\t\t<\/div>\n\t\t\t\t<div class=\"elementor-element elementor-element-5aa7be5 elementor-widget elementor-widget-spacer\" data-id=\"5aa7be5\" data-element_type=\"widget\" data-e-type=\"widget\" data-widget_type=\"spacer.default\">\n\t\t\t\t\t\t\t<div class=\"elementor-spacer\">\n\t\t\t<div class=\"elementor-spacer-inner\"><\/div>\n\t\t<\/div>\n\t\t\t\t\t\t<\/div>\n\t\t\t\t<\/div>\n\t\t\t\t<\/div>\n\t\t\t\t\t<\/div>\n\t\t\t\t<\/div>\n\t\t<div class=\"elementor-element elementor-element-7770a47 e-flex e-con-boxed e-con e-parent\" data-id=\"7770a47\" data-element_type=\"container\" data-e-type=\"container\">\n\t\t\t\t\t<div class=\"e-con-inner\">\n\t\t\t\t<div class=\"elementor-element elementor-element-1211c7f elementor-widget elementor-widget-text-editor\" data-id=\"1211c7f\" data-element_type=\"widget\" data-e-type=\"widget\" data-widget_type=\"text-editor.default\">\n\t\t\t\t\t\t\t\t\t<h3 data-start=\"168\" data-end=\"199\">Dichiarazione sulla privacy<\/h3><p data-start=\"201\" data-end=\"395\">Inokron d.o.o., con sede legale a <a id=\"ctl00_ctl00_cphMain_CompanyDetailsTitleBasic1_aAddress\" class=\"b-link i-ostalo-lokacija\"><\/a>Britof 116, Britof, 4000 Kranj, \u00e8 responsabile del trattamento dei dati personali come indicato nella presente informativa sulla privacy.<\/p><p data-start=\"397\" data-end=\"569\"><strong data-start=\"397\" data-end=\"419\">Dettagli di contatto:<\/strong><br data-start=\"419\" data-end=\"422\" \/><a id=\"ctl00_ctl00_cphMain_CompanyDetailsTitleBasic1_aAddress\" class=\"b-link i-ostalo-lokacija\"><\/a>Britof 116, Britof<br data-start=\"449\" data-end=\"452\" \/>4000 Kranj, Slovenia<br data-start=\"481\" data-end=\"484\" \/>Tel: +386 (0)70 675 344<br data-start=\"509\" data-end=\"512\" \/>E-mail: <a class=\"decorated-link cursor-pointer\" rel=\"noopener\" data-start=\"521\" data-end=\"537\">info@inokron.si<\/a><br data-start=\"537\" data-end=\"540\" \/>Sito web: www.inokron.si<\/p><p data-start=\"571\" data-end=\"729\">Inokron d.o.o. (\u00bbInokron\u00ab o \u00bbnoi\u00ab) attribuisce grande importanza alla tutela della privacy. In questa dichiarazione sulla privacy spieghiamo:<\/p><ul data-start=\"731\" data-end=\"1193\"><li data-start=\"731\" data-end=\"783\"><p data-start=\"733\" data-end=\"783\">cosa comprende la presente informativa sulla privacy,<\/p><\/li><li data-start=\"784\" data-end=\"840\"><p data-start=\"786\" data-end=\"840\">quali dati personali trattiamo e come li trattiamo,<\/p><\/li><li data-start=\"841\" data-end=\"893\"><p data-start=\"843\" data-end=\"893\">per quali finalit\u00e0 trattiamo i vostri dati personali,<\/p><\/li><li data-start=\"894\" data-end=\"954\"><p data-start=\"896\" data-end=\"954\">se trattiamo dati personali particolari e\/o sensibili,<\/p><\/li><li data-start=\"955\" data-end=\"994\"><p data-start=\"957\" data-end=\"994\">per quanto tempo conserviamo i dati personali,<\/p><\/li><li data-start=\"995\" data-end=\"1032\"><p data-start=\"997\" data-end=\"1032\">con chi condividiamo i vostri dati personali,<\/p><\/li><li data-start=\"1033\" data-end=\"1085\"><p data-start=\"1035\" data-end=\"1085\">quali cookie o tecniche simili utilizziamo,<\/p><\/li><li data-start=\"1086\" data-end=\"1160\"><p data-start=\"1088\" data-end=\"1160\">le modalit\u00e0 di accesso, modifica o cancellazione dei propri dati,<\/p><\/li><li data-start=\"1161\" data-end=\"1193\"><p data-start=\"1163\" data-end=\"1193\">come contattarci.<\/p><\/li><\/ul><h3 data-start=\"1200\" data-end=\"1252\">Di cosa tratta questa informativa sulla privacy?<\/h3><p data-start=\"1254\" data-end=\"1468\">La presente Informativa sulla privacy si applica a tutti i dati personali che elaboriamo e otteniamo da tutte le persone che utilizzano o hanno utilizzato i nostri siti web, come visitatori, clienti e partner commerciali.<\/p><h3 data-start=\"1475\" data-end=\"1512\">Dati personali trattati<\/h3><p data-start=\"1514\" data-end=\"1759\">Per dati personali si intende qualsiasi informazione su una persona fisica identificata o identificabile. Inokron d.o.o. elabora i dati personali perch\u00e9 l'utente utilizza il nostro sito web e i servizi offerti e\/o perch\u00e9 ci fornisce tali informazioni.<\/p><p data-start=\"1761\" data-end=\"1815\">Di seguito una panoramica dei dati personali che trattiamo:<\/p><ul data-start=\"1817\" data-end=\"2346\"><li data-start=\"1817\" data-end=\"1927\"><p data-start=\"1819\" data-end=\"1927\">informazioni di base (nome, data di nascita, sesso, secondo nome e\/o numero di identificazione del cliente),<\/p><\/li><li data-start=\"1928\" data-end=\"2012\"><p data-start=\"1930\" data-end=\"2012\">dati di contatto (indirizzo e-mail, indirizzo di casa e numero di telefono),<\/p><\/li><li data-start=\"2013\" data-end=\"2097\"><p data-start=\"2015\" data-end=\"2097\">il vostro numero di conto corrente bancario o di giroconto se avete ordinato un prodotto o un servizio da noi,<\/p><\/li><li data-start=\"2098\" data-end=\"2207\"><p data-start=\"2100\" data-end=\"2207\">altri dati personali forniti attivamente dall'utente, ad esempio quando crea un profilo su questo sito web,<\/p><\/li><li data-start=\"2208\" data-end=\"2264\"><p data-start=\"2210\" data-end=\"2264\">informazioni sulle vostre attivit\u00e0 sul nostro sito web,<\/p><\/li><li data-start=\"2265\" data-end=\"2346\"><p data-start=\"2267\" data-end=\"2346\">CV e lettera di presentazione se vi candidate per un lavoro presso di noi.<\/p><\/li><\/ul><h3 data-start=\"2353\" data-end=\"2388\">Finalit\u00e0 del trattamento dei dati personali<\/h3><p data-start=\"2390\" data-end=\"2441\">Trattiamo i vostri dati personali per le seguenti finalit\u00e0:<\/p><ul data-start=\"2443\" data-end=\"3234\"><li data-start=\"2443\" data-end=\"2505\"><p data-start=\"2445\" data-end=\"2505\">la preparazione o l'esecuzione di un contratto che avete stipulato con noi,<\/p><\/li><li data-start=\"2506\" data-end=\"2548\"><p data-start=\"2508\" data-end=\"2548\">la consegna dei prodotti e dei servizi ordinati,<\/p><\/li><li data-start=\"2549\" data-end=\"2599\"><p data-start=\"2551\" data-end=\"2599\">fornire le informazioni richieste,<\/p><\/li><li data-start=\"2600\" data-end=\"2654\"><p data-start=\"2602\" data-end=\"2654\">gestione di resi, correzioni, reclami o suggerimenti,<\/p><\/li><li data-start=\"2655\" data-end=\"2797\"><p data-start=\"2657\" data-end=\"2797\">inviarvi informazioni su sconti e\/o promozioni se avete dato il vostro consenso (potete rinunciare a ricevere questi messaggi in qualsiasi momento),<\/p><\/li><li data-start=\"2798\" data-end=\"2967\"><p data-start=\"2800\" data-end=\"2967\">offerta di prodotti, servizi ed eventi da parte di Inokron, dei suoi partner o di altre terze parti partecipanti (\u00e8 possibile annullare la ricezione di questi messaggi in qualsiasi momento),<\/p><\/li><li data-start=\"2968\" data-end=\"3051\"><p data-start=\"2970\" data-end=\"3051\">una valutazione iniziale per stabilire se siete un candidato potenzialmente idoneo per il posto vacante,<\/p><\/li><li data-start=\"3052\" data-end=\"3234\"><p data-start=\"3054\" data-end=\"3234\">analizzare il vostro comportamento sul sito web e registrare le vostre preferenze per migliorare il sito web e adattare i prodotti, i servizi e le offerte ai vostri interessi.<\/p><\/li><\/ul><h3 data-start=\"3241\" data-end=\"3285\">Dati personali specifici e\/o sensibili<\/h3><p data-start=\"3287\" data-end=\"3346\">Non trattiamo dati personali particolari e\/o sensibili.<\/p><h3 data-start=\"3353\" data-end=\"3388\">Periodo di conservazione dei dati personali<\/h3><p data-start=\"3390\" data-end=\"3569\">Inokron non conserva i dati personali dell'utente per un periodo superiore a quello necessario per soddisfare gli scopi indicati nella presente Informativa sulla privacy o per adempiere ai propri obblighi legali.<\/p><h3 data-start=\"3576\" data-end=\"3612\">Con chi condividiamo i vostri dati personali<\/h3><p data-start=\"3614\" data-end=\"3768\">Inokron divulgher\u00e0 i vostri dati personali a terzi solo se ci\u00f2 \u00e8 necessario per l'esecuzione di un contratto con voi o per adempiere a un obbligo legale.<\/p><h3 data-start=\"3775\" data-end=\"3811\">Cookie o tecnologie simili<\/h3><p data-start=\"3813\" data-end=\"3976\">Inokron utilizza cookie funzionali, analitici e mirati. Per ulteriori informazioni sui cookie utilizzati, consultare la nostra Dichiarazione sui cookie.<\/p><h3 data-start=\"3983\" data-end=\"4015\">Come proteggiamo i dati personali<\/h3><p data-start=\"4017\" data-end=\"4237\">Inokron prende sul serio la protezione dei dati dell'utente e implementa misure tecniche e organizzative adeguate per prevenire l'uso improprio, la perdita, l'accesso non autorizzato, la divulgazione indesiderata e l'alterazione non autorizzata dei dati dell'utente.<\/p><h3 data-start=\"4244\" data-end=\"4285\">Accesso, modifica o cancellazione dei dati<\/h3><p data-start=\"4287\" data-end=\"4526\">Avete il diritto di accedere, rettificare o cancellare i vostri dati personali. Avete inoltre il diritto di revocare il vostro consenso al trattamento dei dati o di opporvi al trattamento dei vostri dati personali da parte di Inokron in qualsiasi momento.<\/p><p data-start=\"4528\" data-end=\"4795\">Potete inviare una richiesta di accesso, rettifica o cancellazione dei vostri dati personali o una richiesta di revoca del consenso o di opposizione al trattamento dei vostri dati personali a: <strong data-start=\"4685\" data-end=\"4705\"><a class=\"decorated-link cursor-pointer\" rel=\"noopener\" data-start=\"4687\" data-end=\"4703\">info@inokron.si<\/a><\/strong>. Risponderemo alla vostra richiesta il prima possibile, ma non oltre 4 settimane.<\/p><p>Vi informiamo inoltre che potete presentare un reclamo all'autorit\u00e0 di controllo nazionale in caso di violazione dei dati personali, <strong data-start=\"341\" data-end=\"392\">il Commissario per l'informazione della Repubblica di Slovenia<\/strong>.<br data-start=\"393\" data-end=\"396\" \/>\u00c8 possibile presentare un reclamo utilizzando il seguente link:<br data-start=\"446\" data-end=\"449\" data-is-only-node=\"\" \/><a class=\"decorated-link\" href=\"https:\/\/www.ip-rs.si\" target=\"_new\" rel=\"noopener\" data-start=\"451\" data-end=\"471\">https:\/\/www.ip-rs.si<\/a><\/p><p data-start=\"5021\" data-end=\"5155\">Se ritenete che i vostri dati non siano adeguatamente protetti o se ci sono segni di abuso, contattateci all'indirizzo info@inokron.si.<\/p>\t\t\t\t\t\t\t\t<\/div>\n\t\t\t\t\t<\/div>\n\t\t\t\t<\/div>\n\t\t\t\t<\/div>","protected":false},"excerpt":{"rendered":"<p>Politika zasebnosti Izjava o varstvu zasebnosti Dru\u017eba Inokron d.o.o., s sede\u017eem na naslovu Britof 116, Britof, 4000 Kranj, je odgovorna za obdelavo osebnih podatkov, kot je navedeno v tej izjavi o varstvu zasebnosti. Kontaktni podatki:Britof 116, Britof4000 Kranj, SlovenijaTel.: +386 (0)70 675 344E-po\u0161ta: info@inokron.siSpletna stran: www.inokron.si V dru\u017ebi Inokron d.o.o. (v nadaljevanju: \u00bbInokron\u00ab ali \u00bbmi\u00ab) [&hellip;]<\/p>\n","protected":false},"author":1,"featured_media":0,"parent":0,"menu_order":0,"comment_status":"closed","ping_status":"open","template":"elementor_header_footer","meta":{"iawp_total_views":2,"footnotes":""},"class_list":["post-3","page","type-page","status-publish","hentry"],"yoast_head":"<!-- This site is optimized with the Yoast SEO plugin v27.4 - https:\/\/yoast.com\/product\/yoast-seo-wordpress\/ -->\n<title>Privacy Policy - Inokron<\/title>\n<meta name=\"robots\" content=\"index, follow, max-snippet:-1, max-image-preview:large, max-video-preview:-1\" \/>\n<link rel=\"canonical\" href=\"https:\/\/inokron.si\/it\/privacy-policy\/\" \/>\n<meta property=\"og:locale\" content=\"it_IT\" \/>\n<meta property=\"og:type\" content=\"article\" \/>\n<meta property=\"og:title\" content=\"Privacy Policy - Inokron\" \/>\n<meta property=\"og:description\" content=\"Politika zasebnosti Izjava o varstvu zasebnosti Dru\u017eba Inokron d.o.o., s sede\u017eem na naslovu Britof 116, Britof, 4000 Kranj, je odgovorna za obdelavo osebnih podatkov, kot je navedeno v tej izjavi o varstvu zasebnosti. Kontaktni podatki:Britof 116, Britof4000 Kranj, SlovenijaTel.: +386 (0)70 675 344E-po\u0161ta: info@inokron.siSpletna stran: www.inokron.si V dru\u017ebi Inokron d.o.o. (v nadaljevanju: \u00bbInokron\u00ab ali \u00bbmi\u00ab) [&hellip;]\" \/>\n<meta property=\"og:url\" content=\"https:\/\/inokron.si\/it\/privacy-policy\/\" \/>\n<meta property=\"og:site_name\" content=\"Inokron\" \/>\n<meta property=\"article:modified_time\" content=\"2026-01-21T22:58:38+00:00\" \/>\n<meta name=\"twitter:card\" content=\"summary_large_image\" \/>\n<meta name=\"twitter:label1\" content=\"Tempo di lettura stimato\" \/>\n\t<meta name=\"twitter:data1\" content=\"4 minuti\" \/>\n<script type=\"application\/ld+json\" class=\"yoast-schema-graph\">{\"@context\":\"https:\\\/\\\/schema.org\",\"@graph\":[{\"@type\":\"WebPage\",\"@id\":\"https:\\\/\\\/inokron.si\\\/privacy-policy\\\/\",\"url\":\"https:\\\/\\\/inokron.si\\\/privacy-policy\\\/\",\"name\":\"Privacy Policy - Inokron\",\"isPartOf\":{\"@id\":\"https:\\\/\\\/inokron.si\\\/#website\"},\"datePublished\":\"2025-12-15T21:04:46+00:00\",\"dateModified\":\"2026-01-21T22:58:38+00:00\",\"breadcrumb\":{\"@id\":\"https:\\\/\\\/inokron.si\\\/privacy-policy\\\/#breadcrumb\"},\"inLanguage\":\"it-IT\",\"potentialAction\":[{\"@type\":\"ReadAction\",\"target\":[\"https:\\\/\\\/inokron.si\\\/privacy-policy\\\/\"]}]},{\"@type\":\"BreadcrumbList\",\"@id\":\"https:\\\/\\\/inokron.si\\\/privacy-policy\\\/#breadcrumb\",\"itemListElement\":[{\"@type\":\"ListItem\",\"position\":1,\"name\":\"Home\",\"item\":\"https:\\\/\\\/inokron.si\\\/\"},{\"@type\":\"ListItem\",\"position\":2,\"name\":\"Privacy Policy\"}]},{\"@type\":\"WebSite\",\"@id\":\"https:\\\/\\\/inokron.si\\\/#website\",\"url\":\"https:\\\/\\\/inokron.si\\\/\",\"name\":\"Inokron\",\"description\":\"Avtomatizacija krmljenja\",\"potentialAction\":[{\"@type\":\"SearchAction\",\"target\":{\"@type\":\"EntryPoint\",\"urlTemplate\":\"https:\\\/\\\/inokron.si\\\/?s={search_term_string}\"},\"query-input\":{\"@type\":\"PropertyValueSpecification\",\"valueRequired\":true,\"valueName\":\"search_term_string\"}}],\"inLanguage\":\"it-IT\"}]}<\/script>\n<!-- \/ Yoast SEO plugin. -->","yoast_head_json":{"title":"Privacy Policy - Inokron","robots":{"index":"index","follow":"follow","max-snippet":"max-snippet:-1","max-image-preview":"max-image-preview:large","max-video-preview":"max-video-preview:-1"},"canonical":"https:\/\/inokron.si\/it\/privacy-policy\/","og_locale":"it_IT","og_type":"article","og_title":"Privacy Policy - Inokron","og_description":"Politika zasebnosti Izjava o varstvu zasebnosti Dru\u017eba Inokron d.o.o., s sede\u017eem na naslovu Britof 116, Britof, 4000 Kranj, je odgovorna za obdelavo osebnih podatkov, kot je navedeno v tej izjavi o varstvu zasebnosti. Kontaktni podatki:Britof 116, Britof4000 Kranj, SlovenijaTel.: +386 (0)70 675 344E-po\u0161ta: info@inokron.siSpletna stran: www.inokron.si V dru\u017ebi Inokron d.o.o. (v nadaljevanju: \u00bbInokron\u00ab ali \u00bbmi\u00ab) [&hellip;]","og_url":"https:\/\/inokron.si\/it\/privacy-policy\/","og_site_name":"Inokron","article_modified_time":"2026-01-21T22:58:38+00:00","twitter_card":"summary_large_image","twitter_misc":{"Tempo di lettura stimato":"4 minuti"},"schema":{"@context":"https:\/\/schema.org","@graph":[{"@type":"WebPage","@id":"https:\/\/inokron.si\/privacy-policy\/","url":"https:\/\/inokron.si\/privacy-policy\/","name":"Privacy Policy - Inokron","isPartOf":{"@id":"https:\/\/inokron.si\/#website"},"datePublished":"2025-12-15T21:04:46+00:00","dateModified":"2026-01-21T22:58:38+00:00","breadcrumb":{"@id":"https:\/\/inokron.si\/privacy-policy\/#breadcrumb"},"inLanguage":"it-IT","potentialAction":[{"@type":"ReadAction","target":["https:\/\/inokron.si\/privacy-policy\/"]}]},{"@type":"BreadcrumbList","@id":"https:\/\/inokron.si\/privacy-policy\/#breadcrumb","itemListElement":[{"@type":"ListItem","position":1,"name":"Home","item":"https:\/\/inokron.si\/"},{"@type":"ListItem","position":2,"name":"Privacy Policy"}]},{"@type":"WebSite","@id":"https:\/\/inokron.si\/#website","url":"https:\/\/inokron.si\/","name":"Inokron","description":"Avtomatizacija krmljenja","potentialAction":[{"@type":"SearchAction","target":{"@type":"EntryPoint","urlTemplate":"https:\/\/inokron.si\/?s={search_term_string}"},"query-input":{"@type":"PropertyValueSpecification","valueRequired":true,"valueName":"search_term_string"}}],"inLanguage":"it-IT"}]}},"_links":{"self":[{"href":"https:\/\/inokron.si\/it\/wp-json\/wp\/v2\/pages\/3","targetHints":{"allow":["GET"]}}],"collection":[{"href":"https:\/\/inokron.si\/it\/wp-json\/wp\/v2\/pages"}],"about":[{"href":"https:\/\/inokron.si\/it\/wp-json\/wp\/v2\/types\/page"}],"author":[{"embeddable":true,"href":"https:\/\/inokron.si\/it\/wp-json\/wp\/v2\/users\/1"}],"replies":[{"embeddable":true,"href":"https:\/\/inokron.si\/it\/wp-json\/wp\/v2\/comments?post=3"}],"version-history":[{"count":15,"href":"https:\/\/inokron.si\/it\/wp-json\/wp\/v2\/pages\/3\/revisions"}],"predecessor-version":[{"id":2623,"href":"https:\/\/inokron.si\/it\/wp-json\/wp\/v2\/pages\/3\/revisions\/2623"}],"wp:attachment":[{"href":"https:\/\/inokron.si\/it\/wp-json\/wp\/v2\/media?parent=3"}],"curies":[{"name":"wp","href":"https:\/\/api.w.org\/{rel}","templated":true}]}}