{"id":1968,"date":"2026-01-18T20:58:10","date_gmt":"2026-01-18T20:58:10","guid":{"rendered":"https:\/\/inokron.si\/?page_id=1968"},"modified":"2026-03-31T21:58:44","modified_gmt":"2026-03-31T21:58:44","slug":"prihranek","status":"publish","type":"page","link":"https:\/\/inokron.si\/it\/prihranek\/","title":{"rendered":"Izra\u010dun prihranka"},"content":{"rendered":"\t\t<div data-elementor-type=\"wp-page\" data-elementor-id=\"1968\" class=\"elementor elementor-1968\" data-elementor-post-type=\"page\">\n\t\t\t\t<div class=\"elementor-element elementor-element-ed12ecf e-flex e-con-boxed e-con e-parent\" data-id=\"ed12ecf\" data-element_type=\"container\" data-e-type=\"container\">\n\t\t\t\t\t<div class=\"e-con-inner\">\n\t\t<div class=\"elementor-element elementor-element-a4c8a07 e-con-full e-flex e-con e-child\" data-id=\"a4c8a07\" data-element_type=\"container\" data-e-type=\"container\">\n\t\t<div class=\"elementor-element elementor-element-846bdf9 e-con-full e-flex e-con e-child\" data-id=\"846bdf9\" data-element_type=\"container\" data-e-type=\"container\" data-settings=\"{&quot;background_background&quot;:&quot;classic&quot;}\">\n\t\t\t\t<div class=\"elementor-element elementor-element-0b14a05 elementor-widget elementor-widget-spacer\" data-id=\"0b14a05\" data-element_type=\"widget\" data-e-type=\"widget\" data-widget_type=\"spacer.default\">\n\t\t\t\t\t\t\t<div class=\"elementor-spacer\">\n\t\t\t<div class=\"elementor-spacer-inner\"><\/div>\n\t\t<\/div>\n\t\t\t\t\t\t<\/div>\n\t\t\t\t<\/div>\n\t\t\t\t<\/div>\n\t\t\t\t\t<\/div>\n\t\t\t\t<\/div>\n\t\t<div class=\"elementor-element elementor-element-c6d57f4 e-flex e-con-boxed e-con e-parent\" data-id=\"c6d57f4\" data-element_type=\"container\" data-e-type=\"container\" data-settings=\"{&quot;background_background&quot;:&quot;classic&quot;}\">\n\t\t\t\t\t<div class=\"e-con-inner\">\n\t\t\t\t<div class=\"elementor-element elementor-element-3b91e1c elementor-widget elementor-widget-heading\" data-id=\"3b91e1c\" data-element_type=\"widget\" data-e-type=\"widget\" data-widget_type=\"heading.default\">\n\t\t\t\t\t<h2 class=\"elementor-heading-title elementor-size-default\">Izra\u010dunajte letni prihranek za svojo kmetijo<\/h2>\t\t\t\t<\/div>\n\t\t\t\t<div class=\"elementor-element elementor-element-3267767 elementor-widget elementor-widget-html\" data-id=\"3267767\" data-element_type=\"widget\" data-e-type=\"widget\" data-widget_type=\"html.default\">\n\t\t\t\t\t<!doctype html>\r\n<html lang=\"sl\">\r\n<head>\r\n  <meta charset=\"utf-8\" \/>\r\n  <meta name=\"viewport\" content=\"width=device-width, initial-scale=1\" \/>\r\n  <title>Kalkulator prihrankov<\/title>\r\n\r\n  <!-- Montserrat -->\r\n  <link rel=\"preconnect\" href=\"https:\/\/fonts.googleapis.com\">\r\n  <link rel=\"preconnect\" href=\"https:\/\/fonts.gstatic.com\" crossorigin>\r\n  <link href=\"https:\/\/fonts.googleapis.com\/css2?family=Outfit:wght@400;700;800&display=swap\" rel=\"stylesheet\">\r\n\r\n  <style>\r\n    :root{\r\n      --ink:#2c2c2c;\r\n      --field:#F9F9F9;\r\n\r\n      \/* slider *\/\r\n      --track:#ffffff;     \/* lines white *\/\r\n      --dot:#00728D;\r\n      --track-h:12px;      \/* double line size (was 6px) *\/\r\n      --thumb:32px;        \/* double circle size (was 16px) *\/\r\n    }\r\n\r\n    body{\r\n      margin:0;\r\n      padding: 24px;\r\n      background:#fff;\r\n      color: var(--ink);\r\n      font-family: \"Outfit\", system-ui, -apple-system, Segoe UI, Roboto, Arial, sans-serif;\r\n      font-size: 20px;\r\n      font-weight: 400;\r\n    }\r\n\r\n    .wrap{ max-width: 860px; margin: 0 auto; }\r\n    .card{ border: none; box-shadow:none; padding:0; background:transparent; }\r\n\r\n    .field{ margin: 14px 0 22px 0; }\r\n    .label{ font-size:20px; font-weight:400; color:var(--ink); margin:0 0 10px 0; }\r\n\r\n    .input{\r\n      width:100%;\r\n      height:54px;\r\n      box-sizing:border-box;\r\n      border:1px solid var(--ink);\r\n      border-radius:5px;\r\n      background:var(--field);\r\n      padding:0 16px;\r\n      font-size:20px;\r\n      font-weight:400;\r\n      color:var(--ink);\r\n      outline:none;\r\n      font-family:inherit;\r\n    }\r\n    .input:focus{ box-shadow: 0 0 0 2px rgba(44,44,44,.12); }\r\n\r\n    .sliderValue{\r\n      font-size:20px;\r\n      font-weight:400;\r\n      color:var(--ink);\r\n      margin:0 0 10px 0;\r\n      user-select:none;\r\n    }\r\n\r\n    input[type=\"range\"]{\r\n      width:100%;\r\n      appearance:none;\r\n      height: var(--track-h);\r\n      background: var(--track);\r\n      border-radius: 999px;\r\n      outline:none;\r\n    }\r\n\r\n    \/* webkit thumb *\/\r\n    input[type=\"range\"]::-webkit-slider-thumb{\r\n      appearance:none;\r\n      width: var(--thumb);\r\n      height: var(--thumb);\r\n      border-radius: 50%;\r\n      background: var(--dot);\r\n      border: none;\r\n      cursor: pointer;\r\n      \/* center the larger thumb on thicker track *\/\r\n      margin-top: calc((var(--track-h) - var(--thumb)) \/ 2);\r\n    }\r\n    \/* firefox thumb *\/\r\n    input[type=\"range\"]::-moz-range-thumb{\r\n      width: var(--thumb);\r\n      height: var(--thumb);\r\n      border-radius: 50%;\r\n      background: var(--dot);\r\n      border: none;\r\n      cursor:pointer;\r\n    }\r\n    input[type=\"range\"]::-moz-range-track{\r\n      height: var(--track-h);\r\n      background: var(--track);\r\n      border-radius: 999px;\r\n    }\r\n\r\n    .help{\r\n      margin-top: 10px;\r\n      font-size: 14px;\r\n      font-weight: 400;\r\n      color: var(--ink);\r\n      opacity: .7;\r\n      line-height: 1.35;\r\n    }\r\n\r\n    .ticks{\r\n      position: relative;\r\n      height: 22px;\r\n      margin-top: 12px;\r\n      color: var(--ink);\r\n      opacity: .45;\r\n      font-size: 12px;\r\n      user-select:none;\r\n    }\r\n    .tick{ position:absolute; transform:translateX(-50%); top:0; white-space:nowrap; }\r\n\r\n    .result{ margin-top: 22px; padding: 0; }\r\n    .resultTitle{ font-size:20px; font-weight:400; color:var(--ink); margin-bottom:10px; }\r\n    .resultValue{\r\n      font-family: inherit;\r\n      font-weight: 700;\r\n      font-size: 60px;\r\n      line-height: 1.05;\r\n      color: var(--ink);\r\n      padding-left: 16px;\r\n    }\r\n  <\/style>\r\n<\/head>\r\n\r\n<body>\r\n  <div class=\"wrap\">\r\n    <div class=\"card\" role=\"application\" aria-label=\"Kalkulator prihrankov\">\r\n      <div class=\"field\">\r\n        <div class=\"label\">\u0160tevilo krav<\/div>\r\n        <input id=\"v1\" class=\"input\" type=\"number\" min=\"0\" step=\"1\" value=\"45\" \/>\r\n      <\/div>\r\n\r\n      <div class=\"field\">\r\n        <div class=\"label\">Cena mleka \u20ac<\/div>\r\n        <input id=\"v2\" class=\"input\" type=\"number\" min=\"0\" step=\"0.01\" value=\"0.47\" \/>\r\n      <\/div>\r\n\r\n      <div class=\"field\">\r\n        <div class=\"label\">Trenutna mle\u010dnost (l\/kravo)<\/div>\r\n        <input id=\"v3\" class=\"input\" type=\"number\" min=\"0\" step=\"0.1\" value=\"26\" \/>\r\n      <\/div>\r\n\r\n      <div class=\"field\">\r\n        <div class=\"label\">Dvig mle\u010dnosti %<\/div>\r\n        <div id=\"v4Label\" class=\"sliderValue\">10<\/div>\r\n        <input id=\"v4\" type=\"range\" min=\"0\" max=\"30\" step=\"1\" value=\"10\" \/>\r\n        <div class=\"help\">Po na\u0161ih meritvah se je mle\u010dnost dvignila za ve\u010d kot 10%.<\/div>\r\n      <\/div>\r\n\r\n      <div class=\"field\">\r\n        <div class=\"label\">Prihranek na energiji (\u20ac)<\/div>\r\n        <input id=\"v10\" class=\"input\" type=\"number\" min=\"0\" step=\"0.01\" value=\"1600.00\" \/>\r\n        <div class=\"help\">\r\n          Na kmetiji, kjer so uvedli na\u0161 sistem z me\u0161alno prikolico in robotom MU LINE, so v enem letu prihranili 40% stro\u0161ka z energijo oz. 1600.00 \u20ac.\r\n        <\/div>\r\n      <\/div>\r\n\r\n      <div class=\"field\">\r\n        <div class=\"label\">Cena delovne ure (\u20ac)<\/div>\r\n        <input id=\"v6\" class=\"input\" type=\"number\" min=\"0\" step=\"0.01\" value=\"8\" \/>\r\n      <\/div>\r\n\r\n      <div class=\"field\">\r\n        <div class=\"label\">Prihranek \u010dasa na dan (min)<\/div>\r\n        <div id=\"v5Label\" class=\"sliderValue\">50<\/div>\r\n        <input id=\"v5\" type=\"range\" min=\"0\" max=\"200\" step=\"1\" value=\"50\" \/>\r\n        <div class=\"ticks\" aria-hidden=\"true\">\r\n          <div class=\"tick\" style=\"left:25%;\">50<\/div>\r\n          <div class=\"tick\" style=\"left:50%;\">100<\/div>\r\n        <\/div>\r\n      <\/div>\r\n\r\n      <div class=\"result\" aria-live=\"polite\">\r\n        <div class=\"resultTitle\">Letni prihranek za va\u0161o kmetijo (\u20ac)<\/div>\r\n        <div id=\"result\" class=\"resultValue\">24105<\/div>\r\n      <\/div>\r\n    <\/div>\r\n  <\/div>\r\n\r\n  <script>\r\n    \/\/ #1=v1, #2=v2, #3=v3, #4=v4, #5=v5, #6=v6, #10=v10\r\n    \/\/ Formula: #6*#5*365\/60 + #4*#3\/100*365*#1*#2 + #10\r\n\r\n    const el = (id) => document.getElementById(id);\r\n\r\n    const inputs = {\r\n      v1: el(\"v1\"),\r\n      v2: el(\"v2\"),\r\n      v3: el(\"v3\"),\r\n      v4: el(\"v4\"),\r\n      v5: el(\"v5\"),\r\n      v6: el(\"v6\"),\r\n      v10: el(\"v10\"),\r\n      v4Label: el(\"v4Label\"),\r\n      v5Label: el(\"v5Label\"),\r\n      result: el(\"result\"),\r\n    };\r\n\r\n    const num = (x) => (Number.isFinite(Number(x)) ? Number(x) : 0);\r\n\r\n    function calc(){\r\n      const n1 = num(inputs.v1.value);\r\n      const n2 = num(inputs.v2.value);\r\n      const n3 = num(inputs.v3.value);\r\n      const n4 = num(inputs.v4.value);\r\n      const n5 = num(inputs.v5.value);\r\n      const n6 = num(inputs.v6.value);\r\n      const n10 = num(inputs.v10.value);\r\n\r\n      inputs.v4Label.textContent = String(Math.round(n4));\r\n      inputs.v5Label.textContent = String(Math.round(n5));\r\n\r\n      const annual =\r\n        (n6 * n5 * 365 \/ 60) +\r\n        (n4 * n3 \/ 100 * 365 * n1 * n2) +\r\n        (n10);\r\n\r\n      inputs.result.textContent = String(Math.round(annual));\r\n    }\r\n\r\n    [\"input\",\"change\"].forEach(evt => {\r\n      Object.values(inputs).forEach(node => {\r\n        if (node && node.tagName === \"INPUT\") node.addEventListener(evt, calc);\r\n      });\r\n    });\r\n\r\n    calc();\r\n  <\/script>\r\n<\/body>\r\n<\/html>\r\n\t\t\t\t<\/div>\n\t\t\t\t<div class=\"elementor-element elementor-element-b09d7b6 elementor-align-justify elementor-mobile-align-justify elementor-widget elementor-widget-button\" data-id=\"b09d7b6\" data-element_type=\"widget\" data-e-type=\"widget\" data-widget_type=\"button.default\">\n\t\t\t\t\t\t\t\t\t\t<a class=\"elementor-button elementor-button-link elementor-size-sm elementor-animation-float\" href=\"\/povprasevanje\">\n\t\t\t\t\t\t<span class=\"elementor-button-content-wrapper\">\n\t\t\t\t\t\t\t\t\t<span class=\"elementor-button-text\">PO\u0160LJITE POVPRA\u0160EVANJE<\/span>\n\t\t\t\t\t<\/span>\n\t\t\t\t\t<\/a>\n\t\t\t\t\t\t\t\t<\/div>\n\t\t\t\t\t<\/div>\n\t\t\t\t<\/div>\n\t\t<div class=\"elementor-element elementor-element-c1c687a e-flex e-con-boxed e-con e-parent\" data-id=\"c1c687a\" data-element_type=\"container\" data-e-type=\"container\" data-settings=\"{&quot;background_background&quot;:&quot;classic&quot;}\">\n\t\t\t\t\t<div class=\"e-con-inner\">\n\t\t\t\t<div class=\"elementor-element elementor-element-502d67d elementor-widget elementor-widget-heading\" data-id=\"502d67d\" data-element_type=\"widget\" data-e-type=\"widget\" data-widget_type=\"heading.default\">\n\t\t\t\t\t<h2 class=\"elementor-heading-title elementor-size-default\">Izra\u010dunajte prihranek pri gradnji<\/h2>\t\t\t\t<\/div>\n\t\t\t\t<div class=\"elementor-element elementor-element-a3ed5ff elementor-widget elementor-widget-html\" data-id=\"a3ed5ff\" data-element_type=\"widget\" data-e-type=\"widget\" data-widget_type=\"html.default\">\n\t\t\t\t\t<div class=\"calc-build\" data-calc=\"build\">\r\n  <link rel=\"preconnect\" href=\"https:\/\/fonts.googleapis.com\">\r\n  <link rel=\"preconnect\" href=\"https:\/\/fonts.gstatic.com\" crossorigin>\r\n  <link href=\"https:\/\/fonts.googleapis.com\/css2?family=Outfit:wght@400;700;800&display=swap\" rel=\"stylesheet\">\r\n\r\n  <style>\r\n    .calc-build{\r\n      --ink:#2c2c2c;\r\n      --field:#F9F9F9;\r\n\r\n      --track:#ffffff;\r\n      --dot:#00728D;\r\n      --track-h:12px;\r\n      --thumb:32px;\r\n\r\n      color:var(--ink);\r\n      font-family:\"Outfit\", system-ui, -apple-system, Segoe UI, Roboto, Arial, sans-serif;\r\n      font-size:20px;\r\n      font-weight:400;\r\n    }\r\n\r\n    .calc-build .wrap{ max-width: 980px; margin: 0 auto; }\r\n    .calc-build .field{ margin: 14px 0 22px 0; }\r\n    .calc-build .label{ font-size:20px; font-weight:400; margin:0 0 10px 0; }\r\n\r\n    .calc-build .input{\r\n      width:100%;\r\n      height:54px;\r\n      box-sizing:border-box;\r\n      border:1px solid var(--ink);\r\n      border-radius:5px;\r\n      background:var(--field);\r\n      padding:0 16px;\r\n      font-size:20px;\r\n      font-weight:400;\r\n      color:var(--ink);\r\n      outline:none;\r\n      font-family:inherit;\r\n    }\r\n    .calc-build .input:focus{ box-shadow: 0 0 0 2px rgba(44,44,44,.12); }\r\n\r\n    .calc-build .sliderValue{\r\n      font-size:20px;\r\n      margin:0 0 10px 0;\r\n      user-select:none;\r\n    }\r\n\r\n    .calc-build input[type=\"range\"]{\r\n      width:100%;\r\n      appearance:none;\r\n      height:var(--track-h);\r\n      background:var(--track);\r\n      border-radius:999px;\r\n      outline:none;\r\n    }\r\n    .calc-build input[type=\"range\"]::-webkit-slider-thumb{\r\n      appearance:none;\r\n      width:var(--thumb);\r\n      height:var(--thumb);\r\n      border-radius:50%;\r\n      background:var(--dot);\r\n      border:none;\r\n      cursor:pointer;\r\n      margin-top: calc((var(--track-h) - var(--thumb)) \/ 2);\r\n    }\r\n    .calc-build input[type=\"range\"]::-moz-range-thumb{\r\n      width:var(--thumb);\r\n      height:var(--thumb);\r\n      border-radius:50%;\r\n      background:var(--dot);\r\n      border:none;\r\n      cursor:pointer;\r\n    }\r\n    .calc-build input[type=\"range\"]::-moz-range-track{\r\n      height:var(--track-h);\r\n      background:var(--track);\r\n      border-radius:999px;\r\n    }\r\n\r\n    .calc-build .ticks{\r\n      position: relative;\r\n      height: 22px;\r\n      margin-top: 12px;\r\n      opacity: .45;\r\n      font-size: 12px;\r\n      user-select:none;\r\n    }\r\n    .calc-build .tick{\r\n      position:absolute;\r\n      transform:translateX(-50%);\r\n      top:0;\r\n      white-space:nowrap;\r\n    }\r\n\r\n    .calc-build .result{ margin-top: 22px; }\r\n    .calc-build .resultTitle{ font-size:20px; margin-bottom:10px; }\r\n    .calc-build .resultValue{\r\n      font-weight:700;\r\n      font-size:60px;\r\n      line-height:1.05;\r\n      padding-left:16px;\r\n    }\r\n\r\n    .calc-build .help{\r\n      margin-top: 12px;\r\n      font-size: 14px;\r\n      opacity: .7;\r\n      line-height: 1.35;\r\n    }\r\n  <\/style>\r\n\r\n  <div class=\"wrap\">\r\n    <div class=\"field\">\r\n      <div class=\"label\">Cena novogradnje \u20ac\/m2<\/div>\r\n      <input class=\"input\" type=\"number\" min=\"0\" step=\"1\" value=\"250\" data-field=\"price\" \/>\r\n      <div class=\"help\">\r\n        Cena novogradnje brez opreme po oceni Petra P\u0161akerja, specialista za \u017eivinorejo in projektanta za gradnjo hlevov, je 250 \u20ac\/m2.\r\n      <\/div>\r\n    <\/div>\r\n\r\n    <div class=\"field\">\r\n      <div class=\"label\">Dol\u017eina hleva<\/div>\r\n      <div class=\"sliderValue\" data-field=\"lenLabel\">50<\/div>\r\n      <input type=\"range\" min=\"0\" max=\"100\" step=\"1\" value=\"50\" data-field=\"len\" \/>\r\n      <div class=\"ticks\" aria-hidden=\"true\">\r\n        <div class=\"tick\" style=\"left:50%;\">50<\/div>\r\n        <div class=\"tick\" style=\"left:100%;\">100<\/div>\r\n      <\/div>\r\n    <\/div>\r\n\r\n    <div class=\"field\">\r\n      <div class=\"label\">\u0160irina obi\u010dajne krmne mize<\/div>\r\n      <input class=\"input\" type=\"number\" min=\"0\" step=\"0.1\" value=\"5\" data-field=\"usual\" \/>\r\n    <\/div>\r\n\r\n    <div class=\"field\">\r\n      <div class=\"label\">\u0160irina krmne mize pri robotu<\/div>\r\n      <input class=\"input\" type=\"number\" min=\"0\" step=\"0.1\" value=\"1.7\" data-field=\"robot\" \/>\r\n    <\/div>\r\n\r\n    <div class=\"result\" aria-live=\"polite\">\r\n      <div class=\"resultTitle\">Prihranek na gradnji (\u20ac)<\/div>\r\n      <div class=\"resultValue\" data-field=\"out\">0<\/div>\r\n    <\/div>\r\n  <\/div>\r\n\r\n  <script>\r\n    (function(){\r\n      \/\/ Scope to THIS calculator only (works even if multiple exist on the page)\r\n      const root = document.currentScript.closest('.calc-build');\r\n      if(!root) return;\r\n\r\n      const ROBOT_EXTRA_WIDTH_M = 0.3; \/\/ keep\/remove as needed\r\n\r\n      const q = (sel) => root.querySelector(sel);\r\n      const price = q('[data-field=\"price\"]');\r\n      const len = q('[data-field=\"len\"]');\r\n      const lenLabel = q('[data-field=\"lenLabel\"]');\r\n      const usual = q('[data-field=\"usual\"]');\r\n      const robot = q('[data-field=\"robot\"]');\r\n      const out = q('[data-field=\"out\"]');\r\n\r\n      const num = (x) => (Number.isFinite(Number(x)) ? Number(x) : 0);\r\n\r\n      function calc(){\r\n        const n1 = num(price.value);\r\n        const n5 = num(len.value);\r\n        const n4 = num(usual.value);\r\n        const n3 = num(robot.value);\r\n\r\n        lenLabel.textContent = String(Math.round(n5));\r\n\r\n        const effectiveRobotWidth = n3 + ROBOT_EXTRA_WIDTH_M;\r\n        const saving = n1 * n5 * (n4 - effectiveRobotWidth);\r\n\r\n        out.textContent = String(Math.round(saving));\r\n      }\r\n\r\n      [price, len, usual, robot].forEach(el => {\r\n        el.addEventListener('input', calc);\r\n        el.addEventListener('change', calc);\r\n      });\r\n\r\n      calc();\r\n    })();\r\n  <\/script>\r\n<\/div>\r\n\t\t\t\t<\/div>\n\t\t\t\t\t<\/div>\n\t\t\t\t<\/div>\n\t\t<div class=\"elementor-element elementor-element-6112e4e e-flex e-con-boxed e-con e-parent\" data-id=\"6112e4e\" data-element_type=\"container\" data-e-type=\"container\">\n\t\t\t\t\t<div class=\"e-con-inner\">\n\t\t\t\t<div class=\"elementor-element elementor-element-9bf631e elementor-widget elementor-widget-spacer\" data-id=\"9bf631e\" data-element_type=\"widget\" data-e-type=\"widget\" data-widget_type=\"spacer.default\">\n\t\t\t\t\t\t\t<div class=\"elementor-spacer\">\n\t\t\t<div class=\"elementor-spacer-inner\"><\/div>\n\t\t<\/div>\n\t\t\t\t\t\t<\/div>\n\t\t\t\t\t<\/div>\n\t\t\t\t<\/div>\n\t\t\t\t<\/div>\n\t\t","protected":false},"excerpt":{"rendered":"<p>Izra\u010dunajte letni prihranek za svojo kmetijo Kalkulator prihrankov \u0160tevilo krav Cena mleka \u20ac Trenutna mle\u010dnost (l\/kravo) Dvig mle\u010dnosti % 10 Po na\u0161ih meritvah se je mle\u010dnost dvignila za ve\u010d kot 10%. Prihranek na energiji (\u20ac) Na kmetiji, kjer so uvedli na\u0161 sistem z me\u0161alno prikolico in robotom MU LINE, so v enem letu prihranili 40% [&hellip;]<\/p>\n","protected":false},"author":1,"featured_media":0,"parent":0,"menu_order":0,"comment_status":"closed","ping_status":"closed","template":"elementor_header_footer","meta":{"iawp_total_views":43,"footnotes":""},"class_list":["post-1968","page","type-page","status-publish","hentry"],"yoast_head":"<!-- This site is optimized with the Yoast SEO plugin v27.4 - https:\/\/yoast.com\/product\/yoast-seo-wordpress\/ -->\n<title>Izra\u010dun prihranka - Inokron<\/title>\n<meta name=\"robots\" content=\"index, follow, max-snippet:-1, max-image-preview:large, max-video-preview:-1\" \/>\n<link rel=\"canonical\" href=\"https:\/\/inokron.si\/it\/prihranek\/\" \/>\n<meta property=\"og:locale\" content=\"it_IT\" \/>\n<meta property=\"og:type\" content=\"article\" \/>\n<meta property=\"og:title\" content=\"Izra\u010dun prihranka - Inokron\" \/>\n<meta property=\"og:description\" content=\"Izra\u010dunajte letni prihranek za svojo kmetijo Kalkulator prihrankov \u0160tevilo krav Cena mleka \u20ac Trenutna mle\u010dnost (l\/kravo) Dvig mle\u010dnosti % 10 Po na\u0161ih meritvah se je mle\u010dnost dvignila za ve\u010d kot 10%. Prihranek na energiji (\u20ac) Na kmetiji, kjer so uvedli na\u0161 sistem z me\u0161alno prikolico in robotom MU LINE, so v enem letu prihranili 40% [&hellip;]\" \/>\n<meta property=\"og:url\" content=\"https:\/\/inokron.si\/it\/prihranek\/\" \/>\n<meta property=\"og:site_name\" content=\"Inokron\" \/>\n<meta property=\"article:modified_time\" content=\"2026-03-31T21:58:44+00:00\" \/>\n<meta name=\"twitter:card\" content=\"summary_large_image\" \/>\n<meta name=\"twitter:label1\" content=\"Tempo di lettura stimato\" \/>\n\t<meta name=\"twitter:data1\" content=\"1 minuto\" \/>\n<script type=\"application\/ld+json\" class=\"yoast-schema-graph\">{\"@context\":\"https:\\\/\\\/schema.org\",\"@graph\":[{\"@type\":\"WebPage\",\"@id\":\"https:\\\/\\\/inokron.si\\\/prihranek\\\/\",\"url\":\"https:\\\/\\\/inokron.si\\\/prihranek\\\/\",\"name\":\"Izra\u010dun prihranka - Inokron\",\"isPartOf\":{\"@id\":\"https:\\\/\\\/inokron.si\\\/#website\"},\"datePublished\":\"2026-01-18T20:58:10+00:00\",\"dateModified\":\"2026-03-31T21:58:44+00:00\",\"breadcrumb\":{\"@id\":\"https:\\\/\\\/inokron.si\\\/prihranek\\\/#breadcrumb\"},\"inLanguage\":\"it-IT\",\"potentialAction\":[{\"@type\":\"ReadAction\",\"target\":[\"https:\\\/\\\/inokron.si\\\/prihranek\\\/\"]}]},{\"@type\":\"BreadcrumbList\",\"@id\":\"https:\\\/\\\/inokron.si\\\/prihranek\\\/#breadcrumb\",\"itemListElement\":[{\"@type\":\"ListItem\",\"position\":1,\"name\":\"Home\",\"item\":\"https:\\\/\\\/inokron.si\\\/\"},{\"@type\":\"ListItem\",\"position\":2,\"name\":\"Izra\u010dun prihranka\"}]},{\"@type\":\"WebSite\",\"@id\":\"https:\\\/\\\/inokron.si\\\/#website\",\"url\":\"https:\\\/\\\/inokron.si\\\/\",\"name\":\"Inokron\",\"description\":\"Avtomatizacija krmljenja\",\"potentialAction\":[{\"@type\":\"SearchAction\",\"target\":{\"@type\":\"EntryPoint\",\"urlTemplate\":\"https:\\\/\\\/inokron.si\\\/?s={search_term_string}\"},\"query-input\":{\"@type\":\"PropertyValueSpecification\",\"valueRequired\":true,\"valueName\":\"search_term_string\"}}],\"inLanguage\":\"it-IT\"}]}<\/script>\n<!-- \/ Yoast SEO plugin. -->","yoast_head_json":{"title":"Izra\u010dun prihranka - Inokron","robots":{"index":"index","follow":"follow","max-snippet":"max-snippet:-1","max-image-preview":"max-image-preview:large","max-video-preview":"max-video-preview:-1"},"canonical":"https:\/\/inokron.si\/it\/prihranek\/","og_locale":"it_IT","og_type":"article","og_title":"Izra\u010dun prihranka - Inokron","og_description":"Izra\u010dunajte letni prihranek za svojo kmetijo Kalkulator prihrankov \u0160tevilo krav Cena mleka \u20ac Trenutna mle\u010dnost (l\/kravo) Dvig mle\u010dnosti % 10 Po na\u0161ih meritvah se je mle\u010dnost dvignila za ve\u010d kot 10%. Prihranek na energiji (\u20ac) Na kmetiji, kjer so uvedli na\u0161 sistem z me\u0161alno prikolico in robotom MU LINE, so v enem letu prihranili 40% [&hellip;]","og_url":"https:\/\/inokron.si\/it\/prihranek\/","og_site_name":"Inokron","article_modified_time":"2026-03-31T21:58:44+00:00","twitter_card":"summary_large_image","twitter_misc":{"Tempo di lettura stimato":"1 minuto"},"schema":{"@context":"https:\/\/schema.org","@graph":[{"@type":"WebPage","@id":"https:\/\/inokron.si\/prihranek\/","url":"https:\/\/inokron.si\/prihranek\/","name":"Izra\u010dun prihranka - Inokron","isPartOf":{"@id":"https:\/\/inokron.si\/#website"},"datePublished":"2026-01-18T20:58:10+00:00","dateModified":"2026-03-31T21:58:44+00:00","breadcrumb":{"@id":"https:\/\/inokron.si\/prihranek\/#breadcrumb"},"inLanguage":"it-IT","potentialAction":[{"@type":"ReadAction","target":["https:\/\/inokron.si\/prihranek\/"]}]},{"@type":"BreadcrumbList","@id":"https:\/\/inokron.si\/prihranek\/#breadcrumb","itemListElement":[{"@type":"ListItem","position":1,"name":"Home","item":"https:\/\/inokron.si\/"},{"@type":"ListItem","position":2,"name":"Izra\u010dun prihranka"}]},{"@type":"WebSite","@id":"https:\/\/inokron.si\/#website","url":"https:\/\/inokron.si\/","name":"Inokron","description":"Avtomatizacija krmljenja","potentialAction":[{"@type":"SearchAction","target":{"@type":"EntryPoint","urlTemplate":"https:\/\/inokron.si\/?s={search_term_string}"},"query-input":{"@type":"PropertyValueSpecification","valueRequired":true,"valueName":"search_term_string"}}],"inLanguage":"it-IT"}]}},"_links":{"self":[{"href":"https:\/\/inokron.si\/it\/wp-json\/wp\/v2\/pages\/1968","targetHints":{"allow":["GET"]}}],"collection":[{"href":"https:\/\/inokron.si\/it\/wp-json\/wp\/v2\/pages"}],"about":[{"href":"https:\/\/inokron.si\/it\/wp-json\/wp\/v2\/types\/page"}],"author":[{"embeddable":true,"href":"https:\/\/inokron.si\/it\/wp-json\/wp\/v2\/users\/1"}],"replies":[{"embeddable":true,"href":"https:\/\/inokron.si\/it\/wp-json\/wp\/v2\/comments?post=1968"}],"version-history":[{"count":70,"href":"https:\/\/inokron.si\/it\/wp-json\/wp\/v2\/pages\/1968\/revisions"}],"predecessor-version":[{"id":3170,"href":"https:\/\/inokron.si\/it\/wp-json\/wp\/v2\/pages\/1968\/revisions\/3170"}],"wp:attachment":[{"href":"https:\/\/inokron.si\/it\/wp-json\/wp\/v2\/media?parent=1968"}],"curies":[{"name":"wp","href":"https:\/\/api.w.org\/{rel}","templated":true}]}}