{"id":37,"date":"2025-12-15T22:11:57","date_gmt":"2025-12-15T22:11:57","guid":{"rendered":"https:\/\/inokron.si\/?page_id=37"},"modified":"2026-03-31T22:08:37","modified_gmt":"2026-03-31T22:08:37","slug":"dogodki","status":"publish","type":"page","link":"https:\/\/inokron.si\/en\/dogodki\/","title":{"rendered":"Events"},"content":{"rendered":"\t\t<div data-elementor-type=\"wp-page\" data-elementor-id=\"37\" class=\"elementor elementor-37\" data-elementor-post-type=\"page\">\n\t\t\t\t<div class=\"elementor-element elementor-element-a74d94c e-flex e-con-boxed e-con e-parent\" data-id=\"a74d94c\" data-element_type=\"container\" data-e-type=\"container\" data-settings=\"{&quot;background_background&quot;:&quot;classic&quot;}\">\n\t\t\t\t\t<div class=\"e-con-inner\">\n\t\t<div class=\"elementor-element elementor-element-cd826b6 e-con-full e-flex e-con e-child\" data-id=\"cd826b6\" data-element_type=\"container\" data-e-type=\"container\">\n\t\t<div class=\"elementor-element elementor-element-6aeaaa0 e-con-full e-flex e-con e-child\" data-id=\"6aeaaa0\" data-element_type=\"container\" data-e-type=\"container\" data-settings=\"{&quot;background_background&quot;:&quot;classic&quot;}\">\n\t\t<div class=\"elementor-element elementor-element-94a34fb e-con-full e-flex e-con e-child\" data-id=\"94a34fb\" data-element_type=\"container\" data-e-type=\"container\">\n\t\t\t\t<div class=\"elementor-element elementor-element-381043c elementor-widget elementor-widget-heading\" data-id=\"381043c\" data-element_type=\"widget\" data-e-type=\"widget\" data-widget_type=\"heading.default\">\n\t\t\t\t\t<h1 class=\"elementor-heading-title elementor-size-default\">Dogodki<\/h1>\t\t\t\t<\/div>\n\t\t\t\t<div class=\"elementor-element elementor-element-53e71dd elementor-widget-divider--view-line elementor-widget elementor-widget-divider\" data-id=\"53e71dd\" data-element_type=\"widget\" data-e-type=\"widget\" data-widget_type=\"divider.default\">\n\t\t\t\t\t\t\t<div class=\"elementor-divider\">\n\t\t\t<span class=\"elementor-divider-separator\">\n\t\t\t\t\t\t<\/span>\n\t\t<\/div>\n\t\t\t\t\t\t<\/div>\n\t\t\t\t<div class=\"elementor-element elementor-element-342d970 elementor-view-default elementor-widget elementor-widget-icon\" data-id=\"342d970\" data-element_type=\"widget\" data-e-type=\"widget\" data-widget_type=\"icon.default\">\n\t\t\t\t\t\t\t<div class=\"elementor-icon-wrapper\">\n\t\t\t<div class=\"elementor-icon\">\n\t\t\t<svg aria-hidden=\"true\" class=\"e-font-icon-svg e-fas-arrow-down\" viewBox=\"0 0 448 512\" xmlns=\"http:\/\/www.w3.org\/2000\/svg\"><path d=\"M413.1 222.5l22.2 22.2c9.4 9.4 9.4 24.6 0 33.9L241 473c-9.4 9.4-24.6 9.4-33.9 0L12.7 278.6c-9.4-9.4-9.4-24.6 0-33.9l22.2-22.2c9.5-9.5 25-9.3 34.3.4L184 343.4V56c0-13.3 10.7-24 24-24h32c13.3 0 24 10.7 24 24v287.4l114.8-120.5c9.3-9.8 24.8-10 34.3-.4z\"><\/path><\/svg>\t\t\t<\/div>\n\t\t<\/div>\n\t\t\t\t\t\t<\/div>\n\t\t\t\t<\/div>\n\t\t\t\t<\/div>\n\t\t\t\t<\/div>\n\t\t\t\t\t<\/div>\n\t\t\t\t<\/div>\n\t\t<div class=\"elementor-element elementor-element-7a86f07 e-flex e-con-boxed e-con e-parent\" data-id=\"7a86f07\" data-element_type=\"container\" data-e-type=\"container\">\n\t\t\t\t\t<div class=\"e-con-inner\">\n\t\t\t\t<div class=\"elementor-element elementor-element-236c62a elementor-grid-1 elementor-grid-tablet-1 elementor-grid-mobile-1 elementor-widget elementor-widget-loop-grid\" data-id=\"236c62a\" data-element_type=\"widget\" data-e-type=\"widget\" data-settings=\"{&quot;template_id&quot;:749,&quot;columns&quot;:1,&quot;pagination_type&quot;:&quot;numbers&quot;,&quot;columns_tablet&quot;:1,&quot;_skin&quot;:&quot;post&quot;,&quot;columns_mobile&quot;:&quot;1&quot;,&quot;edit_handle_selector&quot;:&quot;[data-elementor-type=\\&quot;loop-item\\&quot;]&quot;,&quot;pagination_load_type&quot;:&quot;page_reload&quot;,&quot;row_gap&quot;:{&quot;unit&quot;:&quot;px&quot;,&quot;size&quot;:&quot;&quot;,&quot;sizes&quot;:[]},&quot;row_gap_tablet&quot;:{&quot;unit&quot;:&quot;px&quot;,&quot;size&quot;:&quot;&quot;,&quot;sizes&quot;:[]},&quot;row_gap_mobile&quot;:{&quot;unit&quot;:&quot;px&quot;,&quot;size&quot;:&quot;&quot;,&quot;sizes&quot;:[]}}\" data-widget_type=\"loop-grid.post\">\n\t\t\t\t<div class=\"elementor-widget-container\">\n\t\t\t\t\t\t\t<div class=\"elementor-loop-container elementor-grid\" role=\"list\">\n\t\t<style id=\"loop-749\">.elementor-749 .elementor-element.elementor-element-8846163{--display:flex;--flex-direction:row;--container-widget-width:initial;--container-widget-height:100%;--container-widget-flex-grow:1;--container-widget-align-self:stretch;--flex-wrap-mobile:wrap;border-style:solid;--border-style:solid;border-width:0px 0px 1px 0px;--border-top-width:0px;--border-right-width:0px;--border-bottom-width:1px;--border-left-width:0px;border-color:var( --e-global-color-ababad8 );--border-color:var( --e-global-color-ababad8 );--padding-top:25px;--padding-bottom:25px;--padding-left:25px;--padding-right:25px;}.elementor-749 .elementor-element.elementor-element-03ffcc3{--display:flex;--padding-top:0px;--padding-bottom:0px;--padding-left:0px;--padding-right:0px;}.elementor-widget-theme-post-featured-image .widget-image-caption{color:var( --e-global-color-text );font-family:var( --e-global-typography-text-font-family ), Sans-serif;font-size:var( --e-global-typography-text-font-size );font-weight:var( --e-global-typography-text-font-weight );}.elementor-749 .elementor-element.elementor-element-ba75eec img{border-radius:15px 15px 15px 15px;}.elementor-749 .elementor-element.elementor-element-f99240e{--display:flex;--justify-content:center;}.elementor-widget-theme-post-title .elementor-heading-title{font-family:var( --e-global-typography-primary-font-family ), Sans-serif;font-size:var( --e-global-typography-primary-font-size );font-weight:var( --e-global-typography-primary-font-weight );letter-spacing:var( --e-global-typography-primary-letter-spacing );color:var( --e-global-color-primary );}.elementor-749 .elementor-element.elementor-element-fcabb50 .elementor-heading-title{font-family:\"Red Hat Display\", Sans-serif;font-size:35px;font-weight:600;letter-spacing:0px;}.elementor-widget-theme-post-excerpt{font-family:var( --e-global-typography-text-font-family ), Sans-serif;font-size:var( --e-global-typography-text-font-size );font-weight:var( --e-global-typography-text-font-weight );color:var( --e-global-color-text );}.elementor-749 .elementor-element.elementor-element-a4e5caf{font-family:\"Outfit\", Sans-serif;font-size:20px;font-weight:200;color:var( --e-global-color-secondary );}@media(max-width:1024px){.elementor-749 .elementor-element.elementor-element-8846163{--flex-direction:row;--container-widget-width:calc( ( 1 - var( --container-widget-flex-grow ) ) * 100% );--container-widget-height:100%;--container-widget-flex-grow:1;--container-widget-align-self:stretch;--flex-wrap-mobile:wrap;--align-items:stretch;--padding-top:0px;--padding-bottom:0px;--padding-left:0px;--padding-right:0px;}.elementor-749 .elementor-element.elementor-element-8846163.e-con{--align-self:stretch;}.elementor-widget-theme-post-featured-image .widget-image-caption{font-size:var( --e-global-typography-text-font-size );}.elementor-749 .elementor-element.elementor-element-ba75eec img{width:100%;max-width:100%;height:300px;object-fit:cover;}.elementor-widget-theme-post-title .elementor-heading-title{font-size:var( --e-global-typography-primary-font-size );letter-spacing:var( --e-global-typography-primary-letter-spacing );}.elementor-749 .elementor-element.elementor-element-fcabb50 .elementor-heading-title{font-size:25px;}.elementor-widget-theme-post-excerpt{font-size:var( --e-global-typography-text-font-size );}.elementor-749 .elementor-element.elementor-element-a4e5caf{font-size:15px;}}@media(max-width:767px){.elementor-widget-theme-post-featured-image .widget-image-caption{font-size:var( --e-global-typography-text-font-size );}.elementor-widget-theme-post-title .elementor-heading-title{font-size:var( --e-global-typography-primary-font-size );letter-spacing:var( --e-global-typography-primary-letter-spacing );}.elementor-widget-theme-post-excerpt{font-size:var( --e-global-typography-text-font-size );}}@media(min-width:768px){.elementor-749 .elementor-element.elementor-element-8846163{--content-width:100%;}.elementor-749 .elementor-element.elementor-element-03ffcc3{--width:33%;}.elementor-749 .elementor-element.elementor-element-f99240e{--width:100%;}}@media(max-width:1024px) and (min-width:768px){.elementor-749 .elementor-element.elementor-element-f99240e{--width:100%;}}<\/style>\t\t<div data-elementor-type=\"loop-item\" data-elementor-id=\"749\" class=\"elementor elementor-749 e-loop-item e-loop-item-737 post-737 post type-post status-publish format-standard has-post-thumbnail hentry category-uncategorized\" data-elementor-post-type=\"elementor_library\" data-custom-edit-handle=\"1\">\n\t\t\t<div class=\"elementor-element elementor-element-8846163 e-flex e-con-boxed e-con e-parent\" data-id=\"8846163\" data-element_type=\"container\" data-e-type=\"container\">\n\t\t\t\t\t<div class=\"e-con-inner\">\n\t\t<div class=\"elementor-element elementor-element-03ffcc3 e-con-full e-flex e-con e-child\" data-id=\"03ffcc3\" data-element_type=\"container\" data-e-type=\"container\">\n\t\t\t\t<div class=\"elementor-element elementor-element-ba75eec elementor-widget elementor-widget-theme-post-featured-image elementor-widget-image\" data-id=\"ba75eec\" data-element_type=\"widget\" data-e-type=\"widget\" data-widget_type=\"theme-post-featured-image.default\">\n\t\t\t\t\t\t\t\t\t\t\t\t\t\t\t\t<a href=\"https:\/\/inokron.si\/en\/individualni-ogledi-sistema-za-krmljenje-na-kmetiji-kos\/\">\n\t\t\t\t\t\t\t<img fetchpriority=\"high\" decoding=\"async\" width=\"800\" height=\"450\" src=\"https:\/\/inokron.si\/wp-content\/uploads\/2026\/01\/dogodek-1-1024x576.jpg\" class=\"attachment-large size-large wp-image-738\" alt=\"\" srcset=\"https:\/\/inokron.si\/wp-content\/uploads\/2026\/01\/dogodek-1-1024x576.jpg 1024w, https:\/\/inokron.si\/wp-content\/uploads\/2026\/01\/dogodek-1-300x169.jpg 300w, https:\/\/inokron.si\/wp-content\/uploads\/2026\/01\/dogodek-1-768x432.jpg 768w, https:\/\/inokron.si\/wp-content\/uploads\/2026\/01\/dogodek-1.jpg 1280w\" sizes=\"(max-width: 800px) 100vw, 800px\" \/>\t\t\t\t\t\t\t\t<\/a>\n\t\t\t\t\t\t\t\t\t\t\t\t\t\t\t<\/div>\n\t\t\t\t<\/div>\n\t\t<div class=\"elementor-element elementor-element-f99240e e-con-full e-flex e-con e-child\" data-id=\"f99240e\" data-element_type=\"container\" data-e-type=\"container\">\n\t\t\t\t<div class=\"elementor-element elementor-element-fcabb50 elementor-widget elementor-widget-theme-post-title elementor-page-title elementor-widget-heading\" data-id=\"fcabb50\" data-element_type=\"widget\" data-e-type=\"widget\" data-widget_type=\"theme-post-title.default\">\n\t\t\t\t\t<h3 class=\"elementor-heading-title elementor-size-default\"><a href=\"https:\/\/inokron.si\/en\/individualni-ogledi-sistema-za-krmljenje-na-kmetiji-kos\/\">Individualni ogledi sistema za krmljenje na kmetiji Kos<\/a><\/h3>\t\t\t\t<\/div>\n\t\t\t\t<div class=\"elementor-element elementor-element-a4e5caf elementor-widget elementor-widget-theme-post-excerpt\" data-id=\"a4e5caf\" data-element_type=\"widget\" data-e-type=\"widget\" data-widget_type=\"theme-post-excerpt.default\">\n\t\t\t\t\tIndividualni ogledi sistema za krmljenje Po predstavitvi sistemov Mu Line in Mix Line, ki je potekala 18. oktobra na kmetiji Kos v Mirni Pe\u010di, vabimo\t\t\t\t<\/div>\n\t\t\t\t<\/div>\n\t\t\t\t\t<\/div>\n\t\t\t\t<\/div>\n\t\t\t\t<\/div>\n\t\t\t\t<\/div>\n\t\t\n\t\t\t\t\t\t<\/div>\n\t\t\t\t<\/div>\n\t\t\t\t\t<\/div>\n\t\t\t\t<\/div>\n\t\t<div class=\"elementor-element elementor-element-b698b5f e-flex e-con-boxed e-con e-parent\" data-id=\"b698b5f\" data-element_type=\"container\" data-e-type=\"container\">\n\t\t\t\t\t<div class=\"e-con-inner\">\n\t\t<div class=\"elementor-element elementor-element-d7f30b5 e-con-full e-flex e-con e-child\" data-id=\"d7f30b5\" data-element_type=\"container\" data-e-type=\"container\" data-settings=\"{&quot;background_background&quot;:&quot;classic&quot;}\">\n\t\t\t\t<div class=\"elementor-element elementor-element-459bb83 elementor-widget elementor-widget-heading\" data-id=\"459bb83\" data-element_type=\"widget\" data-e-type=\"widget\" data-widget_type=\"heading.default\">\n\t\t\t\t\t<h3 class=\"elementor-heading-title elementor-size-default\">\u017delite biti obve\u0161\u010deni o prihajajo\u010dih dogodkih?<\/h3>\t\t\t\t<\/div>\n\t\t\t\t<div class=\"elementor-element elementor-element-d8f506c elementor-widget elementor-widget-text-editor\" data-id=\"d8f506c\" data-element_type=\"widget\" data-e-type=\"widget\" data-widget_type=\"text-editor.default\">\n\t\t\t\t\t\t\t\t\t<p>Enostavno vnesite svoj e-po\u0161tni naslov in obvestili vas bomo o prihajajo\u010dih dogodkih takoj, ko bodo razpisani.<\/p>\t\t\t\t\t\t\t\t<\/div>\n\t\t\t\t<div class=\"elementor-element elementor-element-53fc528 elementor-button-align-stretch elementor-widget elementor-widget-form\" data-id=\"53fc528\" data-element_type=\"widget\" data-e-type=\"widget\" data-settings=\"{&quot;step_next_label&quot;:&quot;Next&quot;,&quot;step_previous_label&quot;:&quot;Previous&quot;,&quot;button_width_tablet&quot;:&quot;100&quot;,&quot;button_width&quot;:&quot;100&quot;,&quot;step_type&quot;:&quot;number_text&quot;,&quot;step_icon_shape&quot;:&quot;circle&quot;}\" data-widget_type=\"form.default\">\n\t\t\t\t\t\t\t<form class=\"elementor-form\" method=\"post\" name=\"Obvestilo - dogodek\" aria-label=\"Obvestilo - dogodek\">\n\t\t\t<input type=\"hidden\" name=\"post_id\" value=\"37\"\/>\n\t\t\t<input type=\"hidden\" name=\"form_id\" value=\"53fc528\"\/>\n\t\t\t<input type=\"hidden\" name=\"referer_title\" value=\"Dogodki - Inokron\" \/>\n\n\t\t\t\t\t\t\t<input type=\"hidden\" name=\"queried_id\" value=\"37\"\/>\n\t\t\t\n\t\t\t<div class=\"elementor-form-fields-wrapper elementor-labels-\">\n\t\t\t\t\t\t\t\t<div class=\"elementor-field-type-email elementor-field-group elementor-column elementor-field-group-email elementor-col-100 elementor-md-100 elementor-field-required\">\n\t\t\t\t\t\t\t\t\t\t\t\t<label for=\"form-field-email\" class=\"elementor-field-label elementor-screen-only\">\n\t\t\t\t\t\t\t\tEmail\t\t\t\t\t\t\t<\/label>\n\t\t\t\t\t\t\t\t\t\t\t\t\t\t<input size=\"1\" type=\"email\" name=\"form_fields[email]\" id=\"form-field-email\" class=\"elementor-field elementor-size-sm  elementor-field-textual\" placeholder=\"Email naslov\" required=\"required\">\n\t\t\t\t\t\t\t\t\t\t\t<\/div>\n\t\t\t\t\t\t\t\t<div class=\"elementor-field-group elementor-column elementor-field-type-submit elementor-col-100 e-form__buttons elementor-md-100\">\n\t\t\t\t\t<button class=\"elementor-button elementor-size-sm elementor-animation-sink\" type=\"submit\">\n\t\t\t\t\t\t<span class=\"elementor-button-content-wrapper\">\n\t\t\t\t\t\t\t\t\t\t\t\t\t\t\t\t\t\t\t\t\t\t<span class=\"elementor-button-text\">OBVESTITE ME<\/span>\n\t\t\t\t\t\t\t\t\t\t\t\t\t<\/span>\n\t\t\t\t\t<\/button>\n\t\t\t\t<\/div>\n\t\t\t<\/div>\n\t\t<\/form>\n\t\t\t\t\t\t<\/div>\n\t\t\t\t<\/div>\n\t\t\t\t\t<\/div>\n\t\t\t\t<\/div>\n\t\t\t\t<\/div>\n\t\t","protected":false},"excerpt":{"rendered":"<p>Dogodki \u017delite biti obve\u0161\u010deni o prihajajo\u010dih dogodkih? Enostavno vnesite svoj e-po\u0161tni naslov in obvestili vas bomo o prihajajo\u010dih dogodkih takoj, ko bodo razpisani.<\/p>","protected":false},"author":1,"featured_media":0,"parent":0,"menu_order":0,"comment_status":"closed","ping_status":"closed","template":"elementor_header_footer","meta":{"iawp_total_views":31,"footnotes":""},"class_list":["post-37","page","type-page","status-publish","hentry"],"yoast_head":"<!-- This site is optimized with the Yoast SEO plugin v27.4 - https:\/\/yoast.com\/product\/yoast-seo-wordpress\/ -->\n<title>Dogodki - Inokron<\/title>\n<meta name=\"robots\" content=\"index, follow, max-snippet:-1, max-image-preview:large, max-video-preview:-1\" \/>\n<link rel=\"canonical\" href=\"https:\/\/inokron.si\/en\/dogodki\/\" \/>\n<meta property=\"og:locale\" content=\"en_GB\" \/>\n<meta property=\"og:type\" content=\"article\" \/>\n<meta property=\"og:title\" content=\"Dogodki - Inokron\" \/>\n<meta property=\"og:description\" content=\"Dogodki \u017delite biti obve\u0161\u010deni o prihajajo\u010dih dogodkih? Enostavno vnesite svoj e-po\u0161tni naslov in obvestili vas bomo o prihajajo\u010dih dogodkih takoj, ko bodo razpisani.\" \/>\n<meta property=\"og:url\" content=\"https:\/\/inokron.si\/en\/dogodki\/\" \/>\n<meta property=\"og:site_name\" content=\"Inokron\" \/>\n<meta property=\"article:modified_time\" content=\"2026-03-31T22:08:37+00:00\" \/>\n<meta name=\"twitter:card\" content=\"summary_large_image\" \/>\n<meta name=\"twitter:label1\" content=\"Estimated reading time\" \/>\n\t<meta name=\"twitter:data1\" content=\"1 minute\" \/>\n<script type=\"application\/ld+json\" class=\"yoast-schema-graph\">{\"@context\":\"https:\\\/\\\/schema.org\",\"@graph\":[{\"@type\":\"WebPage\",\"@id\":\"https:\\\/\\\/inokron.si\\\/dogodki\\\/\",\"url\":\"https:\\\/\\\/inokron.si\\\/dogodki\\\/\",\"name\":\"Dogodki - Inokron\",\"isPartOf\":{\"@id\":\"https:\\\/\\\/inokron.si\\\/#website\"},\"datePublished\":\"2025-12-15T22:11:57+00:00\",\"dateModified\":\"2026-03-31T22:08:37+00:00\",\"breadcrumb\":{\"@id\":\"https:\\\/\\\/inokron.si\\\/dogodki\\\/#breadcrumb\"},\"inLanguage\":\"en-GB\",\"potentialAction\":[{\"@type\":\"ReadAction\",\"target\":[\"https:\\\/\\\/inokron.si\\\/dogodki\\\/\"]}]},{\"@type\":\"BreadcrumbList\",\"@id\":\"https:\\\/\\\/inokron.si\\\/dogodki\\\/#breadcrumb\",\"itemListElement\":[{\"@type\":\"ListItem\",\"position\":1,\"name\":\"Home\",\"item\":\"https:\\\/\\\/inokron.si\\\/\"},{\"@type\":\"ListItem\",\"position\":2,\"name\":\"Dogodki\"}]},{\"@type\":\"WebSite\",\"@id\":\"https:\\\/\\\/inokron.si\\\/#website\",\"url\":\"https:\\\/\\\/inokron.si\\\/\",\"name\":\"Inokron\",\"description\":\"Avtomatizacija krmljenja\",\"potentialAction\":[{\"@type\":\"SearchAction\",\"target\":{\"@type\":\"EntryPoint\",\"urlTemplate\":\"https:\\\/\\\/inokron.si\\\/?s={search_term_string}\"},\"query-input\":{\"@type\":\"PropertyValueSpecification\",\"valueRequired\":true,\"valueName\":\"search_term_string\"}}],\"inLanguage\":\"en-GB\"}]}<\/script>\n<!-- \/ Yoast SEO plugin. -->","yoast_head_json":{"title":"Dogodki - Inokron","robots":{"index":"index","follow":"follow","max-snippet":"max-snippet:-1","max-image-preview":"max-image-preview:large","max-video-preview":"max-video-preview:-1"},"canonical":"https:\/\/inokron.si\/en\/dogodki\/","og_locale":"en_GB","og_type":"article","og_title":"Dogodki - Inokron","og_description":"Dogodki \u017delite biti obve\u0161\u010deni o prihajajo\u010dih dogodkih? Enostavno vnesite svoj e-po\u0161tni naslov in obvestili vas bomo o prihajajo\u010dih dogodkih takoj, ko bodo razpisani.","og_url":"https:\/\/inokron.si\/en\/dogodki\/","og_site_name":"Inokron","article_modified_time":"2026-03-31T22:08:37+00:00","twitter_card":"summary_large_image","twitter_misc":{"Estimated reading time":"1 minute"},"schema":{"@context":"https:\/\/schema.org","@graph":[{"@type":"WebPage","@id":"https:\/\/inokron.si\/dogodki\/","url":"https:\/\/inokron.si\/dogodki\/","name":"Dogodki - Inokron","isPartOf":{"@id":"https:\/\/inokron.si\/#website"},"datePublished":"2025-12-15T22:11:57+00:00","dateModified":"2026-03-31T22:08:37+00:00","breadcrumb":{"@id":"https:\/\/inokron.si\/dogodki\/#breadcrumb"},"inLanguage":"en-GB","potentialAction":[{"@type":"ReadAction","target":["https:\/\/inokron.si\/dogodki\/"]}]},{"@type":"BreadcrumbList","@id":"https:\/\/inokron.si\/dogodki\/#breadcrumb","itemListElement":[{"@type":"ListItem","position":1,"name":"Home","item":"https:\/\/inokron.si\/"},{"@type":"ListItem","position":2,"name":"Dogodki"}]},{"@type":"WebSite","@id":"https:\/\/inokron.si\/#website","url":"https:\/\/inokron.si\/","name":"Inokron","description":"Automated feeding","potentialAction":[{"@type":"SearchAction","target":{"@type":"EntryPoint","urlTemplate":"https:\/\/inokron.si\/?s={search_term_string}"},"query-input":{"@type":"PropertyValueSpecification","valueRequired":true,"valueName":"search_term_string"}}],"inLanguage":"en-GB"}]}},"_links":{"self":[{"href":"https:\/\/inokron.si\/en\/wp-json\/wp\/v2\/pages\/37","targetHints":{"allow":["GET"]}}],"collection":[{"href":"https:\/\/inokron.si\/en\/wp-json\/wp\/v2\/pages"}],"about":[{"href":"https:\/\/inokron.si\/en\/wp-json\/wp\/v2\/types\/page"}],"author":[{"embeddable":true,"href":"https:\/\/inokron.si\/en\/wp-json\/wp\/v2\/users\/1"}],"replies":[{"embeddable":true,"href":"https:\/\/inokron.si\/en\/wp-json\/wp\/v2\/comments?post=37"}],"version-history":[{"count":46,"href":"https:\/\/inokron.si\/en\/wp-json\/wp\/v2\/pages\/37\/revisions"}],"predecessor-version":[{"id":3411,"href":"https:\/\/inokron.si\/en\/wp-json\/wp\/v2\/pages\/37\/revisions\/3411"}],"wp:attachment":[{"href":"https:\/\/inokron.si\/en\/wp-json\/wp\/v2\/media?parent=37"}],"curies":[{"name":"wp","href":"https:\/\/api.w.org\/{rel}","templated":true}]}}