{"id":2063,"date":"2026-01-18T23:07:27","date_gmt":"2026-01-18T23:07:27","guid":{"rendered":"https:\/\/inokron.si\/?page_id=2063"},"modified":"2026-03-31T22:11:44","modified_gmt":"2026-03-31T22:11:44","slug":"sofinanciranje","status":"publish","type":"page","link":"https:\/\/inokron.si\/en\/sofinanciranje\/","title":{"rendered":"Information on project funding"},"content":{"rendered":"<div data-elementor-type=\"wp-page\" data-elementor-id=\"2063\" class=\"elementor elementor-2063\" data-elementor-post-type=\"page\">\n\t\t\t\t<div class=\"elementor-element elementor-element-f3bb556 e-flex e-con-boxed e-con e-parent\" data-id=\"f3bb556\" data-element_type=\"container\" data-e-type=\"container\">\n\t\t\t\t\t<div class=\"e-con-inner\">\n\t\t<div class=\"elementor-element elementor-element-194359e e-con-full e-flex e-con e-child\" data-id=\"194359e\" data-element_type=\"container\" data-e-type=\"container\">\n\t\t<div class=\"elementor-element elementor-element-dc40e86 e-con-full e-flex e-con e-child\" data-id=\"dc40e86\" data-element_type=\"container\" data-e-type=\"container\" data-settings=\"{&quot;background_background&quot;:&quot;classic&quot;}\">\n\t\t\t\t<div class=\"elementor-element elementor-element-8c5a549 elementor-widget elementor-widget-spacer\" data-id=\"8c5a549\" data-element_type=\"widget\" data-e-type=\"widget\" data-widget_type=\"spacer.default\">\n\t\t\t\t\t\t\t<div class=\"elementor-spacer\">\n\t\t\t<div class=\"elementor-spacer-inner\"><\/div>\n\t\t<\/div>\n\t\t\t\t\t\t<\/div>\n\t\t\t\t<\/div>\n\t\t\t\t<\/div>\n\t\t\t\t\t<\/div>\n\t\t\t\t<\/div>\n\t\t<div class=\"elementor-element elementor-element-f7dce2e e-flex e-con-boxed e-con e-parent\" data-id=\"f7dce2e\" data-element_type=\"container\" data-e-type=\"container\">\n\t\t\t\t\t<div class=\"e-con-inner\">\n\t\t\t\t<div class=\"elementor-element elementor-element-4c51079 elementor-widget elementor-widget-heading\" data-id=\"4c51079\" data-element_type=\"widget\" data-e-type=\"widget\" data-widget_type=\"heading.default\">\n\t\t\t\t\t<h2 class=\"elementor-heading-title elementor-size-default\">Information on project funding<\/h2>\t\t\t\t<\/div>\n\t\t\t\t<div class=\"elementor-element elementor-element-e478b9b elementor-widget elementor-widget-text-editor\" data-id=\"e478b9b\" data-element_type=\"widget\" data-e-type=\"widget\" data-widget_type=\"text-editor.default\">\n\t\t\t\t\t\t\t\t\t<p class=\"preFade fadeIn\">Inokron d.o.o. has successfully obtained co-funding for the development of an integrated automatic feeding system under the Slovenian Enterprise Fund's public call P2. Our innovation is the way the feed is mixed, which ensures faster mixing, energy savings and better feed quality, which increases productivity and animal health.<\/p><p class=\"preFade fadeIn\">The investment is co-financed by the Republic of Slovenia and the European Union from the European Regional Development Fund.<\/p><p class=\"preFade fadeIn\">Link to the ENP Slovenia website: <a href=\"https:\/\/evropskasredstva.si\/\" target=\"_blank\" rel=\"noopener\">EU FUNDS<\/a><\/p>\t\t\t\t\t\t\t\t<\/div>\n\t\t<div class=\"elementor-element elementor-element-4660446 e-grid e-con-full e-con e-child\" data-id=\"4660446\" data-element_type=\"container\" data-e-type=\"container\">\n\t\t\t\t<div class=\"elementor-element elementor-element-26ed00c elementor-widget elementor-widget-image\" data-id=\"26ed00c\" data-element_type=\"widget\" data-e-type=\"widget\" data-widget_type=\"image.default\">\n\t\t\t\t\t\t\t\t\t\t\t\t\t\t\t<img decoding=\"async\" width=\"300\" height=\"79\" src=\"https:\/\/inokron.si\/wp-content\/uploads\/2026\/01\/SL_Co-fundedbytheEU_RGB_POS.webp\" class=\"attachment-large size-large wp-image-2066\" alt=\"\" \/>\t\t\t\t\t\t\t\t\t\t\t\t\t\t\t<\/div>\n\t\t\t\t<div class=\"elementor-element elementor-element-11a8fff elementor-widget elementor-widget-image\" data-id=\"11a8fff\" data-element_type=\"widget\" data-e-type=\"widget\" data-widget_type=\"image.default\">\n\t\t\t\t\t\t\t\t\t\t\t\t\t\t\t<img decoding=\"async\" width=\"300\" height=\"112\" src=\"https:\/\/inokron.si\/wp-content\/uploads\/2026\/01\/slovene-enterprise-fund-icon.webp\" class=\"attachment-medium size-medium wp-image-2067\" alt=\"\" \/>\t\t\t\t\t\t\t\t\t\t\t\t\t\t\t<\/div>\n\t\t\t\t<div class=\"elementor-element elementor-element-6619156 elementor-widget elementor-widget-image\" data-id=\"6619156\" data-element_type=\"widget\" data-e-type=\"widget\" data-widget_type=\"image.default\">\n\t\t\t\t\t\t\t\t\t\t\t\t\t\t\t<img fetchpriority=\"high\" decoding=\"async\" width=\"300\" height=\"188\" src=\"https:\/\/inokron.si\/wp-content\/uploads\/2026\/01\/ifeelslovenia-logo-400.webp\" class=\"attachment-medium size-medium wp-image-2068\" alt=\"\" \/>\t\t\t\t\t\t\t\t\t\t\t\t\t\t\t<\/div>\n\t\t\t\t<div class=\"elementor-element elementor-element-a5a17e7 elementor-widget elementor-widget-image\" data-id=\"a5a17e7\" data-element_type=\"widget\" data-e-type=\"widget\" data-widget_type=\"image.default\">\n\t\t\t\t\t\t\t\t\t\t\t\t\t\t\t<img loading=\"lazy\" decoding=\"async\" width=\"300\" height=\"99\" src=\"https:\/\/inokron.si\/wp-content\/uploads\/2026\/01\/RS-MZGTS-300x99.webp\" class=\"attachment-medium size-medium wp-image-2069\" alt=\"\" srcset=\"https:\/\/inokron.si\/wp-content\/uploads\/2026\/01\/RS-MZGTS-300x99.webp 300w, https:\/\/inokron.si\/wp-content\/uploads\/2026\/01\/RS-MZGTS.webp 389w\" sizes=\"(max-width: 300px) 100vw, 300px\" \/>\t\t\t\t\t\t\t\t\t\t\t\t\t\t\t<\/div>\n\t\t\t\t<\/div>\n\t\t\t\t<div class=\"elementor-element elementor-element-279b686 elementor-tablet-align-center elementor-widget elementor-widget-button\" data-id=\"279b686\" data-element_type=\"widget\" data-e-type=\"widget\" data-widget_type=\"button.default\">\n\t\t\t\t\t\t\t\t\t\t<a class=\"elementor-button elementor-button-link elementor-size-sm elementor-animation-float\" href=\"\/en\/\">\n\t\t\t\t\t\t<span class=\"elementor-button-content-wrapper\">\n\t\t\t\t\t\t<span class=\"elementor-button-icon\">\n\t\t\t\t<svg aria-hidden=\"true\" class=\"e-font-icon-svg e-fas-angle-right\" viewbox=\"0 0 256 512\" xmlns=\"http:\/\/www.w3.org\/2000\/svg\"><path d=\"M224.3 273l-136 136c-9.4 9.4-24.6 9.4-33.9 0l-22.6-22.6c-9.4-9.4-9.4-24.6 0-33.9l96.4-96.4-96.4-96.4c-9.4-9.4-9.4-24.6 0-33.9L54.3 103c9.4-9.4 24.6-9.4 33.9 0l136 136c9.5 9.4 9.5 24.6.1 34z\"><\/path><\/svg>\t\t\t<\/span>\n\t\t\t\t\t\t\t\t\t<span class=\"elementor-button-text\">BACK TO HOME PAGE<\/span>\n\t\t\t\t\t<\/span>\n\t\t\t\t\t<\/a>\n\t\t\t\t\t\t\t\t<\/div>\n\t\t\t\t\t<\/div>\n\t\t\t\t<\/div>\n\t\t\t\t<\/div>","protected":false},"excerpt":{"rendered":"<p>Informacije o financiranju projekta Podjetje Inokron d.o.o. je na javnem razpisu P2, Slovenskega podjetni\u0161kega sklada uspe\u0161no pridobilo sofinanciranje za razvoj celostnega sistema avtomatskega krmljenja. Na\u0161a inovativnost je na\u010din me\u0161anja krme, kar zagotavlja hitrej\u0161e me\u0161anje, prihranek na energentih in bolj\u0161o kvaliteto krme, kar pove\u010da produktivnost in zdravje \u017eivali. Nalo\u017ebo sofinancirata Republika Slovenija in Evropska unija iz [&hellip;]<\/p>\n","protected":false},"author":1,"featured_media":0,"parent":0,"menu_order":0,"comment_status":"closed","ping_status":"closed","template":"elementor_header_footer","meta":{"iawp_total_views":2,"footnotes":""},"class_list":["post-2063","page","type-page","status-publish","hentry"],"yoast_head":"<!-- This site is optimized with the Yoast SEO plugin v27.4 - https:\/\/yoast.com\/product\/yoast-seo-wordpress\/ -->\n<title>Informacije o financiranju projekta - Inokron<\/title>\n<meta name=\"description\" content=\"Podjetje Inokron d.o.o. je na javnem razpisu P2, Slovenskega podjetni\u0161kega sklada uspe\u0161no pridobilo sofinanciranje za razvoj\" \/>\n<meta name=\"robots\" content=\"index, follow, max-snippet:-1, max-image-preview:large, max-video-preview:-1\" \/>\n<link rel=\"canonical\" href=\"https:\/\/inokron.si\/en\/sofinanciranje\/\" \/>\n<meta property=\"og:locale\" content=\"en_GB\" \/>\n<meta property=\"og:type\" content=\"article\" \/>\n<meta property=\"og:title\" content=\"Informacije o financiranju projekta - Inokron\" \/>\n<meta property=\"og:description\" content=\"Podjetje Inokron d.o.o. je na javnem razpisu P2, Slovenskega podjetni\u0161kega sklada uspe\u0161no pridobilo sofinanciranje za razvoj\" \/>\n<meta property=\"og:url\" content=\"https:\/\/inokron.si\/en\/sofinanciranje\/\" \/>\n<meta property=\"og:site_name\" content=\"Inokron\" \/>\n<meta property=\"article:modified_time\" content=\"2026-03-31T22:11:44+00:00\" \/>\n<meta property=\"og:image\" content=\"https:\/\/inokron.si\/wp-content\/uploads\/2026\/01\/SL_Co-fundedbytheEU_RGB_POS.webp\" \/>\n<meta name=\"twitter:card\" content=\"summary_large_image\" \/>\n<meta name=\"twitter:label1\" content=\"Estimated reading time\" \/>\n\t<meta name=\"twitter:data1\" content=\"2 minutes\" \/>\n<script type=\"application\/ld+json\" class=\"yoast-schema-graph\">{\"@context\":\"https:\\\/\\\/schema.org\",\"@graph\":[{\"@type\":\"WebPage\",\"@id\":\"https:\\\/\\\/inokron.si\\\/sofinanciranje\\\/\",\"url\":\"https:\\\/\\\/inokron.si\\\/sofinanciranje\\\/\",\"name\":\"Informacije o financiranju projekta - Inokron\",\"isPartOf\":{\"@id\":\"https:\\\/\\\/inokron.si\\\/#website\"},\"primaryImageOfPage\":{\"@id\":\"https:\\\/\\\/inokron.si\\\/sofinanciranje\\\/#primaryimage\"},\"image\":{\"@id\":\"https:\\\/\\\/inokron.si\\\/sofinanciranje\\\/#primaryimage\"},\"thumbnailUrl\":\"https:\\\/\\\/inokron.si\\\/wp-content\\\/uploads\\\/2026\\\/01\\\/SL_Co-fundedbytheEU_RGB_POS.webp\",\"datePublished\":\"2026-01-18T23:07:27+00:00\",\"dateModified\":\"2026-03-31T22:11:44+00:00\",\"description\":\"Podjetje Inokron d.o.o. je na javnem razpisu P2, Slovenskega podjetni\u0161kega sklada uspe\u0161no pridobilo sofinanciranje za razvoj\",\"breadcrumb\":{\"@id\":\"https:\\\/\\\/inokron.si\\\/sofinanciranje\\\/#breadcrumb\"},\"inLanguage\":\"en-GB\",\"potentialAction\":[{\"@type\":\"ReadAction\",\"target\":[\"https:\\\/\\\/inokron.si\\\/sofinanciranje\\\/\"]}]},{\"@type\":\"ImageObject\",\"inLanguage\":\"en-GB\",\"@id\":\"https:\\\/\\\/inokron.si\\\/sofinanciranje\\\/#primaryimage\",\"url\":\"https:\\\/\\\/inokron.si\\\/wp-content\\\/uploads\\\/2026\\\/01\\\/SL_Co-fundedbytheEU_RGB_POS.webp\",\"contentUrl\":\"https:\\\/\\\/inokron.si\\\/wp-content\\\/uploads\\\/2026\\\/01\\\/SL_Co-fundedbytheEU_RGB_POS.webp\"},{\"@type\":\"BreadcrumbList\",\"@id\":\"https:\\\/\\\/inokron.si\\\/sofinanciranje\\\/#breadcrumb\",\"itemListElement\":[{\"@type\":\"ListItem\",\"position\":1,\"name\":\"Home\",\"item\":\"https:\\\/\\\/inokron.si\\\/\"},{\"@type\":\"ListItem\",\"position\":2,\"name\":\"Informacije o financiranju projekta\"}]},{\"@type\":\"WebSite\",\"@id\":\"https:\\\/\\\/inokron.si\\\/#website\",\"url\":\"https:\\\/\\\/inokron.si\\\/\",\"name\":\"Inokron\",\"description\":\"Avtomatizacija krmljenja\",\"potentialAction\":[{\"@type\":\"SearchAction\",\"target\":{\"@type\":\"EntryPoint\",\"urlTemplate\":\"https:\\\/\\\/inokron.si\\\/?s={search_term_string}\"},\"query-input\":{\"@type\":\"PropertyValueSpecification\",\"valueRequired\":true,\"valueName\":\"search_term_string\"}}],\"inLanguage\":\"en-GB\"}]}<\/script>\n<!-- \/ Yoast SEO plugin. -->","yoast_head_json":{"title":"Informacije o financiranju projekta - Inokron","description":"Podjetje Inokron d.o.o. je na javnem razpisu P2, Slovenskega podjetni\u0161kega sklada uspe\u0161no pridobilo sofinanciranje za razvoj","robots":{"index":"index","follow":"follow","max-snippet":"max-snippet:-1","max-image-preview":"max-image-preview:large","max-video-preview":"max-video-preview:-1"},"canonical":"https:\/\/inokron.si\/en\/sofinanciranje\/","og_locale":"en_GB","og_type":"article","og_title":"Informacije o financiranju projekta - Inokron","og_description":"Podjetje Inokron d.o.o. je na javnem razpisu P2, Slovenskega podjetni\u0161kega sklada uspe\u0161no pridobilo sofinanciranje za razvoj","og_url":"https:\/\/inokron.si\/en\/sofinanciranje\/","og_site_name":"Inokron","article_modified_time":"2026-03-31T22:11:44+00:00","og_image":[{"url":"https:\/\/inokron.si\/wp-content\/uploads\/2026\/01\/SL_Co-fundedbytheEU_RGB_POS.webp","type":"","width":"","height":""}],"twitter_card":"summary_large_image","twitter_misc":{"Estimated reading time":"2 minutes"},"schema":{"@context":"https:\/\/schema.org","@graph":[{"@type":"WebPage","@id":"https:\/\/inokron.si\/sofinanciranje\/","url":"https:\/\/inokron.si\/sofinanciranje\/","name":"Informacije o financiranju projekta - Inokron","isPartOf":{"@id":"https:\/\/inokron.si\/#website"},"primaryImageOfPage":{"@id":"https:\/\/inokron.si\/sofinanciranje\/#primaryimage"},"image":{"@id":"https:\/\/inokron.si\/sofinanciranje\/#primaryimage"},"thumbnailUrl":"https:\/\/inokron.si\/wp-content\/uploads\/2026\/01\/SL_Co-fundedbytheEU_RGB_POS.webp","datePublished":"2026-01-18T23:07:27+00:00","dateModified":"2026-03-31T22:11:44+00:00","description":"Podjetje Inokron d.o.o. je na javnem razpisu P2, Slovenskega podjetni\u0161kega sklada uspe\u0161no pridobilo sofinanciranje za razvoj","breadcrumb":{"@id":"https:\/\/inokron.si\/sofinanciranje\/#breadcrumb"},"inLanguage":"en-GB","potentialAction":[{"@type":"ReadAction","target":["https:\/\/inokron.si\/sofinanciranje\/"]}]},{"@type":"ImageObject","inLanguage":"en-GB","@id":"https:\/\/inokron.si\/sofinanciranje\/#primaryimage","url":"https:\/\/inokron.si\/wp-content\/uploads\/2026\/01\/SL_Co-fundedbytheEU_RGB_POS.webp","contentUrl":"https:\/\/inokron.si\/wp-content\/uploads\/2026\/01\/SL_Co-fundedbytheEU_RGB_POS.webp"},{"@type":"BreadcrumbList","@id":"https:\/\/inokron.si\/sofinanciranje\/#breadcrumb","itemListElement":[{"@type":"ListItem","position":1,"name":"Home","item":"https:\/\/inokron.si\/"},{"@type":"ListItem","position":2,"name":"Informacije o financiranju projekta"}]},{"@type":"WebSite","@id":"https:\/\/inokron.si\/#website","url":"https:\/\/inokron.si\/","name":"Inokron","description":"Automated feeding","potentialAction":[{"@type":"SearchAction","target":{"@type":"EntryPoint","urlTemplate":"https:\/\/inokron.si\/?s={search_term_string}"},"query-input":{"@type":"PropertyValueSpecification","valueRequired":true,"valueName":"search_term_string"}}],"inLanguage":"en-GB"}]}},"_links":{"self":[{"href":"https:\/\/inokron.si\/en\/wp-json\/wp\/v2\/pages\/2063","targetHints":{"allow":["GET"]}}],"collection":[{"href":"https:\/\/inokron.si\/en\/wp-json\/wp\/v2\/pages"}],"about":[{"href":"https:\/\/inokron.si\/en\/wp-json\/wp\/v2\/types\/page"}],"author":[{"embeddable":true,"href":"https:\/\/inokron.si\/en\/wp-json\/wp\/v2\/users\/1"}],"replies":[{"embeddable":true,"href":"https:\/\/inokron.si\/en\/wp-json\/wp\/v2\/comments?post=2063"}],"version-history":[{"count":16,"href":"https:\/\/inokron.si\/en\/wp-json\/wp\/v2\/pages\/2063\/revisions"}],"predecessor-version":[{"id":2609,"href":"https:\/\/inokron.si\/en\/wp-json\/wp\/v2\/pages\/2063\/revisions\/2609"}],"wp:attachment":[{"href":"https:\/\/inokron.si\/en\/wp-json\/wp\/v2\/media?parent=2063"}],"curies":[{"name":"wp","href":"https:\/\/api.w.org\/{rel}","templated":true}]}}