{"id":3,"date":"2025-12-15T21:04:46","date_gmt":"2025-12-15T21:04:46","guid":{"rendered":"https:\/\/inokron.si\/?page_id=3"},"modified":"2026-01-21T22:58:38","modified_gmt":"2026-01-21T22:58:38","slug":"privacy-policy","status":"publish","type":"page","link":"https:\/\/inokron.si\/de\/privacy-policy\/","title":{"rendered":"Privacy Policy"},"content":{"rendered":"<div data-elementor-type=\"wp-page\" data-elementor-id=\"3\" class=\"elementor elementor-3\" data-elementor-post-type=\"page\">\n\t\t\t\t<div class=\"elementor-element elementor-element-f408d5c e-flex e-con-boxed e-con e-parent\" data-id=\"f408d5c\" data-element_type=\"container\" data-e-type=\"container\">\n\t\t\t\t\t<div class=\"e-con-inner\">\n\t\t<div class=\"elementor-element elementor-element-0f4ad8e e-con-full e-flex e-con e-child\" data-id=\"0f4ad8e\" data-element_type=\"container\" data-e-type=\"container\">\n\t\t<div class=\"elementor-element elementor-element-eda4962 e-con-full e-flex e-con e-child\" data-id=\"eda4962\" data-element_type=\"container\" data-e-type=\"container\" data-settings=\"{&quot;background_background&quot;:&quot;classic&quot;}\">\n\t\t\t\t<div class=\"elementor-element elementor-element-eb68100 elementor-widget elementor-widget-heading\" data-id=\"eb68100\" data-element_type=\"widget\" data-e-type=\"widget\" data-widget_type=\"heading.default\">\n\t\t\t\t\t<h1 class=\"elementor-heading-title elementor-size-default\">Datenschutzbestimmungen<\/h1>\t\t\t\t<\/div>\n\t\t\t\t<div class=\"elementor-element elementor-element-5aa7be5 elementor-widget elementor-widget-spacer\" data-id=\"5aa7be5\" data-element_type=\"widget\" data-e-type=\"widget\" data-widget_type=\"spacer.default\">\n\t\t\t\t\t\t\t<div class=\"elementor-spacer\">\n\t\t\t<div class=\"elementor-spacer-inner\"><\/div>\n\t\t<\/div>\n\t\t\t\t\t\t<\/div>\n\t\t\t\t<\/div>\n\t\t\t\t<\/div>\n\t\t\t\t\t<\/div>\n\t\t\t\t<\/div>\n\t\t<div class=\"elementor-element elementor-element-7770a47 e-flex e-con-boxed e-con e-parent\" data-id=\"7770a47\" data-element_type=\"container\" data-e-type=\"container\">\n\t\t\t\t\t<div class=\"e-con-inner\">\n\t\t\t\t<div class=\"elementor-element elementor-element-1211c7f elementor-widget elementor-widget-text-editor\" data-id=\"1211c7f\" data-element_type=\"widget\" data-e-type=\"widget\" data-widget_type=\"text-editor.default\">\n\t\t\t\t\t\t\t\t\t<h3 data-start=\"168\" data-end=\"199\">Erkl\u00e4rung zum Datenschutz<\/h3><p data-start=\"201\" data-end=\"395\">Inokron d.o.o., mit eingetragenem Sitz in <a id=\"ctl00_ctl00_cphMain_CompanyDetailsTitleBasic1_aAddress\" class=\"b-link i-ostalo-lokacija\"><\/a>Britof 116, Britof, 4000 Kranj, ist verantwortlich f\u00fcr die Verarbeitung personenbezogener Daten, wie in dieser Datenschutzerkl\u00e4rung dargelegt.<\/p><p data-start=\"397\" data-end=\"569\"><strong data-start=\"397\" data-end=\"419\">Kontaktinformationen:<\/strong><br data-start=\"419\" data-end=\"422\" \/><a id=\"ctl00_ctl00_cphMain_CompanyDetailsTitleBasic1_aAddress\" class=\"b-link i-ostalo-lokacija\"><\/a>Britof 116, Britof<br data-start=\"449\" data-end=\"452\" \/>4000 Kranj, Slowenien<br data-start=\"481\" data-end=\"484\" \/>Tel: +386 (0)70 675 344<br data-start=\"509\" data-end=\"512\" \/>E-Mail: <a class=\"decorated-link cursor-pointer\" rel=\"noopener\" data-start=\"521\" data-end=\"537\">info@inokron.si<\/a><br data-start=\"537\" data-end=\"540\" \/>Website: www.inokron.si<\/p><p data-start=\"571\" data-end=\"729\">Bei Inokron d.o.o. (\u00bbInokron\u00ab oder \u00bbwir\u00ab) legen wir gro\u00dfen Wert auf den Schutz der Privatsph\u00e4re. In dieser Datenschutzerkl\u00e4rung erkl\u00e4ren wir:<\/p><ul data-start=\"731\" data-end=\"1193\"><li data-start=\"731\" data-end=\"783\"><p data-start=\"733\" data-end=\"783\">was diese Datenschutzerkl\u00e4rung abdeckt,<\/p><\/li><li data-start=\"784\" data-end=\"840\"><p data-start=\"786\" data-end=\"840\">welche personenbezogenen Daten wir verarbeiten und wie wir sie verarbeiten,<\/p><\/li><li data-start=\"841\" data-end=\"893\"><p data-start=\"843\" data-end=\"893\">f\u00fcr welche Zwecke wir Ihre personenbezogenen Daten verarbeiten,<\/p><\/li><li data-start=\"894\" data-end=\"954\"><p data-start=\"896\" data-end=\"954\">ob wir besondere und\/oder sensible personenbezogene Daten verarbeiten,<\/p><\/li><li data-start=\"955\" data-end=\"994\"><p data-start=\"957\" data-end=\"994\">wie lange wir personenbezogene Daten aufbewahren,<\/p><\/li><li data-start=\"995\" data-end=\"1032\"><p data-start=\"997\" data-end=\"1032\">mit wem wir Ihre personenbezogenen Daten teilen,<\/p><\/li><li data-start=\"1033\" data-end=\"1085\"><p data-start=\"1035\" data-end=\"1085\">welche Cookies oder \u00e4hnliche Techniken wir verwenden,<\/p><\/li><li data-start=\"1086\" data-end=\"1160\"><p data-start=\"1088\" data-end=\"1160\">wie Sie auf Ihre Daten zugreifen, sie \u00e4ndern oder l\u00f6schen k\u00f6nnen,<\/p><\/li><li data-start=\"1161\" data-end=\"1193\"><p data-start=\"1163\" data-end=\"1193\">wie Sie uns kontaktieren k\u00f6nnen.<\/p><\/li><\/ul><h3 data-start=\"1200\" data-end=\"1252\">Worauf bezieht sich diese Erkl\u00e4rung zum Datenschutz?<\/h3><p data-start=\"1254\" data-end=\"1468\">Diese Datenschutzerkl\u00e4rung gilt f\u00fcr alle personenbezogenen Daten, die wir verarbeiten und von allen Personen erhalten, die unsere Websites nutzen oder genutzt haben, wie Besucher, Kunden und Gesch\u00e4ftspartner.<\/p><h3 data-start=\"1475\" data-end=\"1512\">Von uns verarbeitete personenbezogene Daten<\/h3><p data-start=\"1514\" data-end=\"1759\">Personenbezogene Daten sind alle Informationen \u00fcber eine identifizierte oder identifizierbare nat\u00fcrliche Person. Inokron d.o.o. verarbeitet personenbezogene Daten, weil Sie unsere Website und die von uns angebotenen Dienstleistungen nutzen und\/oder weil Sie uns diese Informationen zur Verf\u00fcgung stellen.<\/p><p data-start=\"1761\" data-end=\"1815\">Nachstehend finden Sie einen \u00dcberblick \u00fcber die von uns verarbeiteten personenbezogenen Daten:<\/p><ul data-start=\"1817\" data-end=\"2346\"><li data-start=\"1817\" data-end=\"1927\"><p data-start=\"1819\" data-end=\"1927\">grundlegende Informationen (Name, Geburtsdatum, Geschlecht, zweiter Vorname und\/oder Kundenidentifikationsnummer),<\/p><\/li><li data-start=\"1928\" data-end=\"2012\"><p data-start=\"1930\" data-end=\"2012\">Kontaktangaben (E-Mail-Adresse, Privatanschrift und Telefonnummer),<\/p><\/li><li data-start=\"2013\" data-end=\"2097\"><p data-start=\"2015\" data-end=\"2097\">Ihre Bank- oder Girokontonummer, wenn Sie ein Produkt oder eine Dienstleistung bei uns bestellt haben,<\/p><\/li><li data-start=\"2098\" data-end=\"2207\"><p data-start=\"2100\" data-end=\"2207\">andere personenbezogene Daten, die Sie aktiv zur Verf\u00fcgung stellen, z. B. wenn Sie ein Profil auf dieser Website erstellen,<\/p><\/li><li data-start=\"2208\" data-end=\"2264\"><p data-start=\"2210\" data-end=\"2264\">Informationen \u00fcber Ihre Aktivit\u00e4ten auf unserer Website,<\/p><\/li><li data-start=\"2265\" data-end=\"2346\"><p data-start=\"2267\" data-end=\"2346\">Lebenslauf und Anschreiben, wenn Sie sich bei uns um eine Stelle bewerben.<\/p><\/li><\/ul><h3 data-start=\"2353\" data-end=\"2388\">Zweck der Verarbeitung von personenbezogenen Daten<\/h3><p data-start=\"2390\" data-end=\"2441\">Wir verarbeiten Ihre personenbezogenen Daten f\u00fcr die folgenden Zwecke:<\/p><ul data-start=\"2443\" data-end=\"3234\"><li data-start=\"2443\" data-end=\"2505\"><p data-start=\"2445\" data-end=\"2505\">die Vorbereitung oder Erf\u00fcllung eines Vertrags, den Sie mit uns geschlossen haben,<\/p><\/li><li data-start=\"2506\" data-end=\"2548\"><p data-start=\"2508\" data-end=\"2548\">die Lieferung der bestellten Produkte und Dienstleistungen,<\/p><\/li><li data-start=\"2549\" data-end=\"2599\"><p data-start=\"2551\" data-end=\"2599\">die angeforderten Informationen zur Verf\u00fcgung stellen,<\/p><\/li><li data-start=\"2600\" data-end=\"2654\"><p data-start=\"2602\" data-end=\"2654\">Bearbeitung von R\u00fccksendungen, Korrekturen, Beschwerden oder Anregungen,<\/p><\/li><li data-start=\"2655\" data-end=\"2797\"><p data-start=\"2657\" data-end=\"2797\">die Zusendung von Informationen \u00fcber Preisnachl\u00e4sse und\/oder Werbeaktionen, wenn Sie dazu Ihre Zustimmung gegeben haben (Sie k\u00f6nnen sich jederzeit gegen den Erhalt dieser Nachrichten entscheiden),<\/p><\/li><li data-start=\"2798\" data-end=\"2967\"><p data-start=\"2800\" data-end=\"2967\">Angebot von Produkten, Dienstleistungen und Veranstaltungen von Inokron, seinen Partnern oder anderen teilnehmenden Dritten (Sie k\u00f6nnen den Erhalt dieser Nachrichten jederzeit abbestellen),<\/p><\/li><li data-start=\"2968\" data-end=\"3051\"><p data-start=\"2970\" data-end=\"3051\">eine erste Einsch\u00e4tzung, ob Sie ein potenziell geeigneter Kandidat f\u00fcr die zu besetzende Stelle sind,<\/p><\/li><li data-start=\"3052\" data-end=\"3234\"><p data-start=\"3054\" data-end=\"3234\">Ihr Verhalten auf der Website zu analysieren und Ihre Pr\u00e4ferenzen zu erfassen, um die Website zu verbessern und die Produkte, Dienstleistungen und Angebote auf Ihre Interessen abzustimmen.<\/p><\/li><\/ul><h3 data-start=\"3241\" data-end=\"3285\">Besondere und\/oder sensible personenbezogene Daten<\/h3><p data-start=\"3287\" data-end=\"3346\">Wir verarbeiten keine besonderen und\/oder sensiblen personenbezogenen Daten.<\/p><h3 data-start=\"3353\" data-end=\"3388\">Aufbewahrungsfrist f\u00fcr personenbezogene Daten<\/h3><p data-start=\"3390\" data-end=\"3569\">Inokron bewahrt Ihre personenbezogenen Daten nicht l\u00e4nger auf, als es f\u00fcr die Erf\u00fcllung der in dieser Datenschutzerkl\u00e4rung genannten Zwecke oder f\u00fcr die Einhaltung der gesetzlichen Verpflichtungen erforderlich ist.<\/p><h3 data-start=\"3576\" data-end=\"3612\">Mit wem wir Ihre pers\u00f6nlichen Daten teilen<\/h3><p data-start=\"3614\" data-end=\"3768\">Inokron gibt Ihre personenbezogenen Daten nur dann an Dritte weiter, wenn dies zur Erf\u00fcllung eines Vertrages mit Ihnen oder zur Erf\u00fcllung einer gesetzlichen Verpflichtung erforderlich ist.<\/p><h3 data-start=\"3775\" data-end=\"3811\">Cookies oder \u00e4hnliche Technologien<\/h3><p data-start=\"3813\" data-end=\"3976\">Inokron verwendet funktionale, analytische und gezielte Cookies. Weitere Informationen \u00fcber die von uns verwendeten Cookies finden Sie in unserer Cookie-Erkl\u00e4rung.<\/p><h3 data-start=\"3983\" data-end=\"4015\">Wie wir personenbezogene Daten sch\u00fctzen<\/h3><p data-start=\"4017\" data-end=\"4237\">Inokron nimmt den Schutz Ihrer Daten ernst und ergreift geeignete technische und organisatorische Ma\u00dfnahmen, um Missbrauch, Verlust, unbefugten Zugriff, unerw\u00fcnschte Offenlegung und unbefugte \u00c4nderung Ihrer Daten zu verhindern.<\/p><h3 data-start=\"4244\" data-end=\"4285\">Zugang, \u00c4nderung oder L\u00f6schung von Daten<\/h3><p data-start=\"4287\" data-end=\"4526\">Sie haben das Recht, Ihre personenbezogenen Daten einzusehen, zu berichtigen oder zu l\u00f6schen. Sie haben auch das Recht, Ihre Zustimmung zur Datenverarbeitung zu widerrufen oder der Verarbeitung Ihrer personenbezogenen Daten durch Inokron jederzeit zu widersprechen.<\/p><p data-start=\"4528\" data-end=\"4795\">Sie k\u00f6nnen einen Antrag auf Zugang, Berichtigung oder L\u00f6schung Ihrer personenbezogenen Daten oder einen Antrag auf Widerruf der Einwilligung oder Widerspruch gegen die Verarbeitung Ihrer personenbezogenen Daten an folgende Adresse richten: <strong data-start=\"4685\" data-end=\"4705\"><a class=\"decorated-link cursor-pointer\" rel=\"noopener\" data-start=\"4687\" data-end=\"4703\">info@inokron.si<\/a><\/strong>. Wir werden Ihre Anfrage so schnell wie m\u00f6glich beantworten, sp\u00e4testens jedoch innerhalb von 4 Wochen.<\/p><p>Wir informieren Sie auch dar\u00fcber, dass Sie im Falle einer Verletzung des Schutzes personenbezogener Daten eine Beschwerde bei der nationalen Aufsichtsbeh\u00f6rde einreichen k\u00f6nnen, <strong data-start=\"341\" data-end=\"392\">der Informationsbeauftragte der Republik Slowenien<\/strong>.<br data-start=\"393\" data-end=\"396\" \/>Sie k\u00f6nnen eine Beschwerde \u00fcber den folgenden Link einreichen:<br data-start=\"446\" data-end=\"449\" data-is-only-node=\"\" \/><a class=\"decorated-link\" href=\"https:\/\/www.ip-rs.si\" target=\"_new\" rel=\"noopener\" data-start=\"451\" data-end=\"471\">https:\/\/www.ip-rs.si<\/a><\/p><p data-start=\"5021\" data-end=\"5155\">Wenn Sie der Meinung sind, dass Ihre Daten nicht ausreichend gesch\u00fctzt sind, oder wenn es Anzeichen f\u00fcr einen Missbrauch gibt, wenden Sie sich bitte an uns: info@inokron.si.<\/p>\t\t\t\t\t\t\t\t<\/div>\n\t\t\t\t\t<\/div>\n\t\t\t\t<\/div>\n\t\t\t\t<\/div>","protected":false},"excerpt":{"rendered":"<p>Politika zasebnosti Izjava o varstvu zasebnosti Dru\u017eba Inokron d.o.o., s sede\u017eem na naslovu Britof 116, Britof, 4000 Kranj, je odgovorna za obdelavo osebnih podatkov, kot je navedeno v tej izjavi o varstvu zasebnosti. Kontaktni podatki:Britof 116, Britof4000 Kranj, SlovenijaTel.: +386 (0)70 675 344E-po\u0161ta: info@inokron.siSpletna stran: www.inokron.si V dru\u017ebi Inokron d.o.o. (v nadaljevanju: \u00bbInokron\u00ab ali \u00bbmi\u00ab) [&hellip;]<\/p>\n","protected":false},"author":1,"featured_media":0,"parent":0,"menu_order":0,"comment_status":"closed","ping_status":"open","template":"elementor_header_footer","meta":{"iawp_total_views":2,"footnotes":""},"class_list":["post-3","page","type-page","status-publish","hentry"],"yoast_head":"<!-- This site is optimized with the Yoast SEO plugin v27.4 - https:\/\/yoast.com\/product\/yoast-seo-wordpress\/ -->\n<title>Privacy Policy - Inokron<\/title>\n<meta name=\"robots\" content=\"index, follow, max-snippet:-1, max-image-preview:large, max-video-preview:-1\" \/>\n<link rel=\"canonical\" href=\"https:\/\/inokron.si\/de\/privacy-policy\/\" \/>\n<meta property=\"og:locale\" content=\"de_DE\" \/>\n<meta property=\"og:type\" content=\"article\" \/>\n<meta property=\"og:title\" content=\"Privacy Policy - Inokron\" \/>\n<meta property=\"og:description\" content=\"Politika zasebnosti Izjava o varstvu zasebnosti Dru\u017eba Inokron d.o.o., s sede\u017eem na naslovu Britof 116, Britof, 4000 Kranj, je odgovorna za obdelavo osebnih podatkov, kot je navedeno v tej izjavi o varstvu zasebnosti. Kontaktni podatki:Britof 116, Britof4000 Kranj, SlovenijaTel.: +386 (0)70 675 344E-po\u0161ta: info@inokron.siSpletna stran: www.inokron.si V dru\u017ebi Inokron d.o.o. (v nadaljevanju: \u00bbInokron\u00ab ali \u00bbmi\u00ab) [&hellip;]\" \/>\n<meta property=\"og:url\" content=\"https:\/\/inokron.si\/de\/privacy-policy\/\" \/>\n<meta property=\"og:site_name\" content=\"Inokron\" \/>\n<meta property=\"article:modified_time\" content=\"2026-01-21T22:58:38+00:00\" \/>\n<meta name=\"twitter:card\" content=\"summary_large_image\" \/>\n<meta name=\"twitter:label1\" content=\"Gesch\u00e4tzte Lesezeit\" \/>\n\t<meta name=\"twitter:data1\" content=\"4\u00a0Minuten\" \/>\n<script type=\"application\/ld+json\" class=\"yoast-schema-graph\">{\"@context\":\"https:\\\/\\\/schema.org\",\"@graph\":[{\"@type\":\"WebPage\",\"@id\":\"https:\\\/\\\/inokron.si\\\/privacy-policy\\\/\",\"url\":\"https:\\\/\\\/inokron.si\\\/privacy-policy\\\/\",\"name\":\"Privacy Policy - Inokron\",\"isPartOf\":{\"@id\":\"https:\\\/\\\/inokron.si\\\/#website\"},\"datePublished\":\"2025-12-15T21:04:46+00:00\",\"dateModified\":\"2026-01-21T22:58:38+00:00\",\"breadcrumb\":{\"@id\":\"https:\\\/\\\/inokron.si\\\/privacy-policy\\\/#breadcrumb\"},\"inLanguage\":\"de\",\"potentialAction\":[{\"@type\":\"ReadAction\",\"target\":[\"https:\\\/\\\/inokron.si\\\/privacy-policy\\\/\"]}]},{\"@type\":\"BreadcrumbList\",\"@id\":\"https:\\\/\\\/inokron.si\\\/privacy-policy\\\/#breadcrumb\",\"itemListElement\":[{\"@type\":\"ListItem\",\"position\":1,\"name\":\"Home\",\"item\":\"https:\\\/\\\/inokron.si\\\/\"},{\"@type\":\"ListItem\",\"position\":2,\"name\":\"Privacy Policy\"}]},{\"@type\":\"WebSite\",\"@id\":\"https:\\\/\\\/inokron.si\\\/#website\",\"url\":\"https:\\\/\\\/inokron.si\\\/\",\"name\":\"Inokron\",\"description\":\"Avtomatizacija krmljenja\",\"potentialAction\":[{\"@type\":\"SearchAction\",\"target\":{\"@type\":\"EntryPoint\",\"urlTemplate\":\"https:\\\/\\\/inokron.si\\\/?s={search_term_string}\"},\"query-input\":{\"@type\":\"PropertyValueSpecification\",\"valueRequired\":true,\"valueName\":\"search_term_string\"}}],\"inLanguage\":\"de\"}]}<\/script>\n<!-- \/ Yoast SEO plugin. -->","yoast_head_json":{"title":"Privacy Policy - Inokron","robots":{"index":"index","follow":"follow","max-snippet":"max-snippet:-1","max-image-preview":"max-image-preview:large","max-video-preview":"max-video-preview:-1"},"canonical":"https:\/\/inokron.si\/de\/privacy-policy\/","og_locale":"de_DE","og_type":"article","og_title":"Privacy Policy - Inokron","og_description":"Politika zasebnosti Izjava o varstvu zasebnosti Dru\u017eba Inokron d.o.o., s sede\u017eem na naslovu Britof 116, Britof, 4000 Kranj, je odgovorna za obdelavo osebnih podatkov, kot je navedeno v tej izjavi o varstvu zasebnosti. Kontaktni podatki:Britof 116, Britof4000 Kranj, SlovenijaTel.: +386 (0)70 675 344E-po\u0161ta: info@inokron.siSpletna stran: www.inokron.si V dru\u017ebi Inokron d.o.o. (v nadaljevanju: \u00bbInokron\u00ab ali \u00bbmi\u00ab) [&hellip;]","og_url":"https:\/\/inokron.si\/de\/privacy-policy\/","og_site_name":"Inokron","article_modified_time":"2026-01-21T22:58:38+00:00","twitter_card":"summary_large_image","twitter_misc":{"Gesch\u00e4tzte Lesezeit":"4\u00a0Minuten"},"schema":{"@context":"https:\/\/schema.org","@graph":[{"@type":"WebPage","@id":"https:\/\/inokron.si\/privacy-policy\/","url":"https:\/\/inokron.si\/privacy-policy\/","name":"Privacy Policy - Inokron","isPartOf":{"@id":"https:\/\/inokron.si\/#website"},"datePublished":"2025-12-15T21:04:46+00:00","dateModified":"2026-01-21T22:58:38+00:00","breadcrumb":{"@id":"https:\/\/inokron.si\/privacy-policy\/#breadcrumb"},"inLanguage":"de","potentialAction":[{"@type":"ReadAction","target":["https:\/\/inokron.si\/privacy-policy\/"]}]},{"@type":"BreadcrumbList","@id":"https:\/\/inokron.si\/privacy-policy\/#breadcrumb","itemListElement":[{"@type":"ListItem","position":1,"name":"Home","item":"https:\/\/inokron.si\/"},{"@type":"ListItem","position":2,"name":"Privacy Policy"}]},{"@type":"WebSite","@id":"https:\/\/inokron.si\/#website","url":"https:\/\/inokron.si\/","name":"Inokron","description":"Avtomatizacija krmljenja","potentialAction":[{"@type":"SearchAction","target":{"@type":"EntryPoint","urlTemplate":"https:\/\/inokron.si\/?s={search_term_string}"},"query-input":{"@type":"PropertyValueSpecification","valueRequired":true,"valueName":"search_term_string"}}],"inLanguage":"de"}]}},"_links":{"self":[{"href":"https:\/\/inokron.si\/de\/wp-json\/wp\/v2\/pages\/3","targetHints":{"allow":["GET"]}}],"collection":[{"href":"https:\/\/inokron.si\/de\/wp-json\/wp\/v2\/pages"}],"about":[{"href":"https:\/\/inokron.si\/de\/wp-json\/wp\/v2\/types\/page"}],"author":[{"embeddable":true,"href":"https:\/\/inokron.si\/de\/wp-json\/wp\/v2\/users\/1"}],"replies":[{"embeddable":true,"href":"https:\/\/inokron.si\/de\/wp-json\/wp\/v2\/comments?post=3"}],"version-history":[{"count":15,"href":"https:\/\/inokron.si\/de\/wp-json\/wp\/v2\/pages\/3\/revisions"}],"predecessor-version":[{"id":2623,"href":"https:\/\/inokron.si\/de\/wp-json\/wp\/v2\/pages\/3\/revisions\/2623"}],"wp:attachment":[{"href":"https:\/\/inokron.si\/de\/wp-json\/wp\/v2\/media?parent=3"}],"curies":[{"name":"wp","href":"https:\/\/api.w.org\/{rel}","templated":true}]}}